{"id":20709,"date":"2026-01-29T10:30:52","date_gmt":"2026-01-29T09:30:52","guid":{"rendered":"https:\/\/www.actecir.cat\/compra-normas-une-aenor\/"},"modified":"2026-01-29T15:34:05","modified_gmt":"2026-01-29T14:34:05","slug":"compra-normas-une-aenor","status":"publish","type":"page","link":"https:\/\/www.actecir.cat\/es\/compra-normas-une-aenor\/","title":{"rendered":"Compra Normas UNE-AENOR"},"content":{"rendered":"\t\t<div data-elementor-type=\"wp-page\" data-elementor-id=\"20709\" class=\"elementor elementor-20709 elementor-20677\" data-elementor-post-type=\"page\">\n\t\t\t\t\t\t<section class=\"elementor-section elementor-top-section elementor-element elementor-element-4183b7e elementor-section-boxed elementor-section-height-default elementor-section-height-default\" data-id=\"4183b7e\" data-element_type=\"section\" data-e-type=\"section\">\n\t\t\t\t\t\t<div class=\"elementor-container elementor-column-gap-default\">\n\t\t\t\t\t\t<\/div>\n\t\t<\/section>\n\t\t\t\t<section class=\"elementor-section elementor-top-section elementor-element elementor-element-a9f7b98 elementor-section-boxed elementor-section-height-default elementor-section-height-default\" data-id=\"a9f7b98\" data-element_type=\"section\" data-e-type=\"section\">\n\t\t\t\t\t\t<div class=\"elementor-container elementor-column-gap-default\">\n\t\t\t\t\t\t<\/div>\n\t\t<\/section>\n\t\t\t\t<section class=\"elementor-section elementor-top-section elementor-element elementor-element-df46bc1 elementor-section-boxed elementor-section-height-default elementor-section-height-default\" data-id=\"df46bc1\" data-element_type=\"section\" data-e-type=\"section\">\n\t\t\t\t\t\t<div class=\"elementor-container elementor-column-gap-default\">\n\t\t\t\t\t<div class=\"elementor-column elementor-col-100 elementor-top-column elementor-element elementor-element-e72d1e6\" data-id=\"e72d1e6\" data-element_type=\"column\" data-e-type=\"column\">\n\t\t\t<div class=\"elementor-widget-wrap elementor-element-populated\">\n\t\t\t\t\t\t<div class=\"elementor-element elementor-element-2f8195b elementor-widget elementor-widget-image\" data-id=\"2f8195b\" data-element_type=\"widget\" data-e-type=\"widget\" data-widget_type=\"image.default\">\n\t\t\t\t<div class=\"elementor-widget-container\">\n\t\t\t\t\t\t\t\t\t\t\t\t\t\t\t<img fetchpriority=\"high\" decoding=\"async\" width=\"800\" height=\"276\" src=\"https:\/\/www.actecir.cat\/wp-content\/uploads\/2026\/01\/banner-20-normas-UNE-1024x353.jpg\" class=\"attachment-large size-large wp-image-20679\" alt=\"\" srcset=\"https:\/\/www.actecir.cat\/wp-content\/uploads\/2026\/01\/banner-20-normas-UNE-1024x353.jpg 1024w, https:\/\/www.actecir.cat\/wp-content\/uploads\/2026\/01\/banner-20-normas-UNE-300x103.jpg 300w, https:\/\/www.actecir.cat\/wp-content\/uploads\/2026\/01\/banner-20-normas-UNE-768x265.jpg 768w, https:\/\/www.actecir.cat\/wp-content\/uploads\/2026\/01\/banner-20-normas-UNE.jpg 1160w\" sizes=\"(max-width: 800px) 100vw, 800px\" \/>\t\t\t\t\t\t\t\t\t\t\t\t\t\t\t<\/div>\n\t\t\t\t<\/div>\n\t\t\t\t<div class=\"elementor-element elementor-element-1974021 elementor-widget elementor-widget-heading\" data-id=\"1974021\" data-element_type=\"widget\" data-e-type=\"widget\" data-widget_type=\"heading.default\">\n\t\t\t\t<div class=\"elementor-widget-container\">\n\t\t\t\t\t<h1 class=\"elementor-heading-title elementor-size-default\">ACTECIR colabora con AENOR: 20 % de descuento en normas UNE para socios<\/h1>\t\t\t\t<\/div>\n\t\t\t\t<\/div>\n\t\t\t\t<div class=\"elementor-element elementor-element-0f97f21 elementor-widget elementor-widget-text-editor\" data-id=\"0f97f21\" data-element_type=\"widget\" data-e-type=\"widget\" data-widget_type=\"text-editor.default\">\n\t\t\t\t<div class=\"elementor-widget-container\">\n\t\t\t\t\t\t\t\t\t<p><strong>ACTECIR colabora con AENOR<\/strong>, ofreciendo a nuestros socios <strong>acceso a la compra de normas UNE con un 20 % de descuento.<\/strong><\/p>\t\t\t\t\t\t\t\t<\/div>\n\t\t\t\t<\/div>\n\t\t\t\t<div class=\"elementor-element elementor-element-b10a3dd elementor-icon-list--layout-traditional elementor-list-item-link-full_width elementor-widget elementor-widget-icon-list\" data-id=\"b10a3dd\" data-element_type=\"widget\" data-e-type=\"widget\" data-widget_type=\"icon-list.default\">\n\t\t\t\t<div class=\"elementor-widget-container\">\n\t\t\t\t\t\t\t<ul class=\"elementor-icon-list-items\">\n\t\t\t\t\t\t\t<li class=\"elementor-icon-list-item\">\n\t\t\t\t\t\t\t\t\t\t<span class=\"elementor-icon-list-text\">1. Acceder previamente a su <b>\u00c1REA DE SOCIOS<\/b> en la web de ACTECIR. En caso de no disponer de las credenciales de acceso, deber\u00e1n ponerse en contacto con nosotros a trav\u00e9s del correo electr\u00f3nico<strong><u><a href=\"mailto:actecir@actecir.cat\">actecir@actecir.cat<\/a><\/u><\/strong>, y se las haremos llegar con la mayor brevedad posible. <\/span>\n\t\t\t\t\t\t\t\t\t<\/li>\n\t\t\t\t\t\t\t\t<li class=\"elementor-icon-list-item\">\n\t\t\t\t\t\t\t\t\t\t<span class=\"elementor-icon-list-text\">2. Una vez dentro, dispondr\u00e1n de <b>acceso directo a la plataforma de compra de AENOR<\/b>, donde se aplicar\u00e1 el descuento correspondiente.<\/span>\n\t\t\t\t\t\t\t\t\t<\/li>\n\t\t\t\t\t\t<\/ul>\n\t\t\t\t\t\t<\/div>\n\t\t\t\t<\/div>\n\t\t\t\t<div class=\"elementor-element elementor-element-016863e elementor-widget elementor-widget-text-editor\" data-id=\"016863e\" data-element_type=\"widget\" data-e-type=\"widget\" data-widget_type=\"text-editor.default\">\n\t\t\t\t<div class=\"elementor-widget-container\">\n\t\t\t\t\t\t\t\t\t<p>Adem\u00e1s, ACTECIR dispone de un <strong>c\u00f3digo de descuento<\/strong>, para aquellas personas que son trabajadoras de alguna de nuestras entidades colaboradoras o con convenio de colaboraci\u00f3n.<\/p><p>Si est\u00e1s en este caso puedes escribirnos <a href=\"mailto:actecir@actecir.cat\">actecir@actecir.cat<\/a> y te facilitaremos dicho c\u00f3digo para que puedas beneficiarte del descuento.<\/p><p>Esta colaboraci\u00f3n refuerza el compromiso de ACTECIR de ofrecer ventajas exclusivas y recursos de valor a su comunidad.<\/p>\t\t\t\t\t\t\t\t<\/div>\n\t\t\t\t<\/div>\n\t\t\t\t<div class=\"elementor-element elementor-element-ef735b9 elementor-widget elementor-widget-button\" data-id=\"ef735b9\" data-element_type=\"widget\" data-e-type=\"widget\" data-widget_type=\"button.default\">\n\t\t\t\t<div class=\"elementor-widget-container\">\n\t\t\t\t\t\t\t\t\t<div class=\"elementor-button-wrapper\">\n\t\t\t\t\t<a class=\"elementor-button elementor-button-link elementor-size-sm\" href=\"https:\/\/www.actecir.cat\/es\/area-socios\/compra-normas-une-aenor-area-privada\/\">\n\t\t\t\t\t\t<span class=\"elementor-button-content-wrapper\">\n\t\t\t\t\t\t\t\t\t<span class=\"elementor-button-text\">Acceder al \u00e1rea de socios<\/span>\n\t\t\t\t\t<\/span>\n\t\t\t\t\t<\/a>\n\t\t\t\t<\/div>\n\t\t\t\t\t\t\t\t<\/div>\n\t\t\t\t<\/div>\n\t\t\t\t\t<\/div>\n\t\t<\/div>\n\t\t\t\t\t<\/div>\n\t\t<\/section>\n\t\t\t\t<\/div>\n\t\t","protected":false},"excerpt":{"rendered":"<p>ACTECIR colabora con AENOR: 20 % de descuento en normas UNE para socios ACTECIR colabora con AENOR, ofreciendo a nuestros socios acceso a la compra de normas UNE con un [&hellip;]<\/p>\n","protected":false},"author":1,"featured_media":0,"parent":0,"menu_order":0,"comment_status":"closed","ping_status":"closed","template":"elementor_header_footer","meta":{"footnotes":""},"class_list":["post-20709","page","type-page","status-publish","hentry"],"yoast_head":"<!-- This site is optimized with the Yoast SEO plugin v27.2 - https:\/\/yoast.com\/product\/yoast-seo-wordpress\/ -->\n<title>Compra Normas UNE-AENOR - Actecir<\/title>\n<meta name=\"robots\" content=\"index, follow, max-snippet:-1, max-image-preview:large, max-video-preview:-1\" \/>\n<link rel=\"canonical\" href=\"https:\/\/www.actecir.cat\/es\/compra-normas-une-aenor\/\" \/>\n<meta property=\"og:locale\" content=\"es_ES\" \/>\n<meta property=\"og:type\" content=\"article\" \/>\n<meta property=\"og:title\" content=\"Compra Normas UNE-AENOR - Actecir\" \/>\n<meta property=\"og:description\" content=\"ACTECIR colabora con AENOR: 20 % de descuento en normas UNE para socios ACTECIR colabora con AENOR, ofreciendo a nuestros socios acceso a la compra de normas UNE con un [&hellip;]\" \/>\n<meta property=\"og:url\" content=\"https:\/\/www.actecir.cat\/es\/compra-normas-une-aenor\/\" \/>\n<meta property=\"og:site_name\" content=\"Actecir\" \/>\n<meta property=\"article:modified_time\" content=\"2026-01-29T14:34:05+00:00\" \/>\n<meta property=\"og:image\" content=\"https:\/\/www.actecir.cat\/wp-content\/uploads\/2026\/01\/banner-20-normas-UNE.jpg\" \/>\n\t<meta property=\"og:image:width\" content=\"1160\" \/>\n\t<meta property=\"og:image:height\" content=\"400\" \/>\n\t<meta property=\"og:image:type\" content=\"image\/jpeg\" \/>\n<meta name=\"twitter:card\" content=\"summary_large_image\" \/>\n<meta name=\"twitter:site\" content=\"@actecir\" \/>\n<meta name=\"twitter:label1\" content=\"Tiempo de lectura\" \/>\n\t<meta name=\"twitter:data1\" content=\"1 minuto\" \/>\n<script type=\"application\/ld+json\" class=\"yoast-schema-graph\">{\"@context\":\"https:\/\/schema.org\",\"@graph\":[{\"@type\":\"WebPage\",\"@id\":\"https:\/\/www.actecir.cat\/es\/compra-normas-une-aenor\/\",\"url\":\"https:\/\/www.actecir.cat\/es\/compra-normas-une-aenor\/\",\"name\":\"Compra Normas UNE-AENOR - Actecir\",\"isPartOf\":{\"@id\":\"https:\/\/www.actecir.cat\/#website\"},\"primaryImageOfPage\":{\"@id\":\"https:\/\/www.actecir.cat\/es\/compra-normas-une-aenor\/#primaryimage\"},\"image\":{\"@id\":\"https:\/\/www.actecir.cat\/es\/compra-normas-une-aenor\/#primaryimage\"},\"thumbnailUrl\":\"https:\/\/www.actecir.cat\/wp-content\/uploads\/2026\/01\/banner-20-normas-UNE-1024x353.jpg\",\"datePublished\":\"2026-01-29T09:30:52+00:00\",\"dateModified\":\"2026-01-29T14:34:05+00:00\",\"breadcrumb\":{\"@id\":\"https:\/\/www.actecir.cat\/es\/compra-normas-une-aenor\/#breadcrumb\"},\"inLanguage\":\"es\",\"potentialAction\":[{\"@type\":\"ReadAction\",\"target\":[\"https:\/\/www.actecir.cat\/es\/compra-normas-une-aenor\/\"]}]},{\"@type\":\"ImageObject\",\"inLanguage\":\"es\",\"@id\":\"https:\/\/www.actecir.cat\/es\/compra-normas-une-aenor\/#primaryimage\",\"url\":\"https:\/\/www.actecir.cat\/wp-content\/uploads\/2026\/01\/banner-20-normas-UNE-1024x353.jpg\",\"contentUrl\":\"https:\/\/www.actecir.cat\/wp-content\/uploads\/2026\/01\/banner-20-normas-UNE-1024x353.jpg\"},{\"@type\":\"BreadcrumbList\",\"@id\":\"https:\/\/www.actecir.cat\/es\/compra-normas-une-aenor\/#breadcrumb\",\"itemListElement\":[{\"@type\":\"ListItem\",\"position\":1,\"name\":\"Inici\",\"item\":\"https:\/\/www.actecir.cat\/es\/\"},{\"@type\":\"ListItem\",\"position\":2,\"name\":\"Compra Normas UNE-AENOR\"}]},{\"@type\":\"WebSite\",\"@id\":\"https:\/\/www.actecir.cat\/#website\",\"url\":\"https:\/\/www.actecir.cat\/\",\"name\":\"Actecir\",\"description\":\"Associaci\u00f3 Catalana de T\u00e8cnics en Energia, Climatitzaci\u00f3 i Refrigeraci\u00f3\",\"publisher\":{\"@id\":\"https:\/\/www.actecir.cat\/#organization\"},\"potentialAction\":[{\"@type\":\"SearchAction\",\"target\":{\"@type\":\"EntryPoint\",\"urlTemplate\":\"https:\/\/www.actecir.cat\/?s={search_term_string}\"},\"query-input\":{\"@type\":\"PropertyValueSpecification\",\"valueRequired\":true,\"valueName\":\"search_term_string\"}}],\"inLanguage\":\"es\"},{\"@type\":\"Organization\",\"@id\":\"https:\/\/www.actecir.cat\/#organization\",\"name\":\"Actecir\",\"url\":\"https:\/\/www.actecir.cat\/\",\"logo\":{\"@type\":\"ImageObject\",\"inLanguage\":\"es\",\"@id\":\"https:\/\/www.actecir.cat\/#\/schema\/logo\/image\/\",\"url\":\"https:\/\/www.actecir.cat\/wp-content\/uploads\/2023\/04\/cropped-logo_actecir_60_alto.png\",\"contentUrl\":\"https:\/\/www.actecir.cat\/wp-content\/uploads\/2023\/04\/cropped-logo_actecir_60_alto.png\",\"width\":283,\"height\":80,\"caption\":\"Actecir\"},\"image\":{\"@id\":\"https:\/\/www.actecir.cat\/#\/schema\/logo\/image\/\"},\"sameAs\":[\"https:\/\/x.com\/actecir\",\"https:\/\/www.linkedin.com\/company\/actecir\"]}]}<\/script>\n<!-- \/ Yoast SEO plugin. -->","yoast_head_json":{"title":"Compra Normas UNE-AENOR - Actecir","robots":{"index":"index","follow":"follow","max-snippet":"max-snippet:-1","max-image-preview":"max-image-preview:large","max-video-preview":"max-video-preview:-1"},"canonical":"https:\/\/www.actecir.cat\/es\/compra-normas-une-aenor\/","og_locale":"es_ES","og_type":"article","og_title":"Compra Normas UNE-AENOR - Actecir","og_description":"ACTECIR colabora con AENOR: 20 % de descuento en normas UNE para socios ACTECIR colabora con AENOR, ofreciendo a nuestros socios acceso a la compra de normas UNE con un [&hellip;]","og_url":"https:\/\/www.actecir.cat\/es\/compra-normas-une-aenor\/","og_site_name":"Actecir","article_modified_time":"2026-01-29T14:34:05+00:00","og_image":[{"width":1160,"height":400,"url":"https:\/\/www.actecir.cat\/wp-content\/uploads\/2026\/01\/banner-20-normas-UNE.jpg","type":"image\/jpeg"}],"twitter_card":"summary_large_image","twitter_site":"@actecir","twitter_misc":{"Tiempo de lectura":"1 minuto"},"schema":{"@context":"https:\/\/schema.org","@graph":[{"@type":"WebPage","@id":"https:\/\/www.actecir.cat\/es\/compra-normas-une-aenor\/","url":"https:\/\/www.actecir.cat\/es\/compra-normas-une-aenor\/","name":"Compra Normas UNE-AENOR - Actecir","isPartOf":{"@id":"https:\/\/www.actecir.cat\/#website"},"primaryImageOfPage":{"@id":"https:\/\/www.actecir.cat\/es\/compra-normas-une-aenor\/#primaryimage"},"image":{"@id":"https:\/\/www.actecir.cat\/es\/compra-normas-une-aenor\/#primaryimage"},"thumbnailUrl":"https:\/\/www.actecir.cat\/wp-content\/uploads\/2026\/01\/banner-20-normas-UNE-1024x353.jpg","datePublished":"2026-01-29T09:30:52+00:00","dateModified":"2026-01-29T14:34:05+00:00","breadcrumb":{"@id":"https:\/\/www.actecir.cat\/es\/compra-normas-une-aenor\/#breadcrumb"},"inLanguage":"es","potentialAction":[{"@type":"ReadAction","target":["https:\/\/www.actecir.cat\/es\/compra-normas-une-aenor\/"]}]},{"@type":"ImageObject","inLanguage":"es","@id":"https:\/\/www.actecir.cat\/es\/compra-normas-une-aenor\/#primaryimage","url":"https:\/\/www.actecir.cat\/wp-content\/uploads\/2026\/01\/banner-20-normas-UNE-1024x353.jpg","contentUrl":"https:\/\/www.actecir.cat\/wp-content\/uploads\/2026\/01\/banner-20-normas-UNE-1024x353.jpg"},{"@type":"BreadcrumbList","@id":"https:\/\/www.actecir.cat\/es\/compra-normas-une-aenor\/#breadcrumb","itemListElement":[{"@type":"ListItem","position":1,"name":"Inici","item":"https:\/\/www.actecir.cat\/es\/"},{"@type":"ListItem","position":2,"name":"Compra Normas UNE-AENOR"}]},{"@type":"WebSite","@id":"https:\/\/www.actecir.cat\/#website","url":"https:\/\/www.actecir.cat\/","name":"Actecir","description":"Associaci\u00f3 Catalana de T\u00e8cnics en Energia, Climatitzaci\u00f3 i Refrigeraci\u00f3","publisher":{"@id":"https:\/\/www.actecir.cat\/#organization"},"potentialAction":[{"@type":"SearchAction","target":{"@type":"EntryPoint","urlTemplate":"https:\/\/www.actecir.cat\/?s={search_term_string}"},"query-input":{"@type":"PropertyValueSpecification","valueRequired":true,"valueName":"search_term_string"}}],"inLanguage":"es"},{"@type":"Organization","@id":"https:\/\/www.actecir.cat\/#organization","name":"Actecir","url":"https:\/\/www.actecir.cat\/","logo":{"@type":"ImageObject","inLanguage":"es","@id":"https:\/\/www.actecir.cat\/#\/schema\/logo\/image\/","url":"https:\/\/www.actecir.cat\/wp-content\/uploads\/2023\/04\/cropped-logo_actecir_60_alto.png","contentUrl":"https:\/\/www.actecir.cat\/wp-content\/uploads\/2023\/04\/cropped-logo_actecir_60_alto.png","width":283,"height":80,"caption":"Actecir"},"image":{"@id":"https:\/\/www.actecir.cat\/#\/schema\/logo\/image\/"},"sameAs":["https:\/\/x.com\/actecir","https:\/\/www.linkedin.com\/company\/actecir"]}]}},"_links":{"self":[{"href":"https:\/\/www.actecir.cat\/es\/wp-json\/wp\/v2\/pages\/20709","targetHints":{"allow":["GET"]}}],"collection":[{"href":"https:\/\/www.actecir.cat\/es\/wp-json\/wp\/v2\/pages"}],"about":[{"href":"https:\/\/www.actecir.cat\/es\/wp-json\/wp\/v2\/types\/page"}],"author":[{"embeddable":true,"href":"https:\/\/www.actecir.cat\/es\/wp-json\/wp\/v2\/users\/1"}],"replies":[{"embeddable":true,"href":"https:\/\/www.actecir.cat\/es\/wp-json\/wp\/v2\/comments?post=20709"}],"version-history":[{"count":7,"href":"https:\/\/www.actecir.cat\/es\/wp-json\/wp\/v2\/pages\/20709\/revisions"}],"predecessor-version":[{"id":20761,"href":"https:\/\/www.actecir.cat\/es\/wp-json\/wp\/v2\/pages\/20709\/revisions\/20761"}],"wp:attachment":[{"href":"https:\/\/www.actecir.cat\/es\/wp-json\/wp\/v2\/media?parent=20709"}],"curies":[{"name":"wp","href":"https:\/\/api.w.org\/{rel}","templated":true}]}}