{"id":8324,"date":"2023-04-11T11:40:21","date_gmt":"2023-04-11T09:40:21","guid":{"rendered":"https:\/\/www.actecir.cat\/colaboradores\/entidades-colaboradoras\/entidades-colaboradoras-giacomini\/"},"modified":"2026-01-29T11:41:21","modified_gmt":"2026-01-29T10:41:21","slug":"entidades-colaboradoras-giacomini","status":"publish","type":"page","link":"https:\/\/www.actecir.cat\/es\/colaboradores\/entidades-colaboradoras\/entidades-colaboradoras-giacomini\/","title":{"rendered":"Entidades colaboradoras: Giacomini"},"content":{"rendered":"\t\t<div data-elementor-type=\"wp-page\" data-elementor-id=\"8324\" class=\"elementor elementor-8324 elementor-1108\" data-elementor-post-type=\"page\">\n\t\t\t\t\t\t<section class=\"elementor-section elementor-top-section elementor-element elementor-element-f9a2e4f elementor-section-boxed elementor-section-height-default elementor-section-height-default\" data-id=\"f9a2e4f\" data-element_type=\"section\" data-e-type=\"section\">\n\t\t\t\t\t\t<div class=\"elementor-container elementor-column-gap-default\">\n\t\t\t\t\t<div class=\"elementor-column elementor-col-100 elementor-top-column elementor-element elementor-element-6ddeb90\" data-id=\"6ddeb90\" data-element_type=\"column\" data-e-type=\"column\">\n\t\t\t<div class=\"elementor-widget-wrap elementor-element-populated\">\n\t\t\t\t\t\t<div class=\"elementor-element elementor-element-7caebbd elementor-widget elementor-widget-heading\" data-id=\"7caebbd\" data-element_type=\"widget\" data-e-type=\"widget\" data-widget_type=\"heading.default\">\n\t\t\t\t<div class=\"elementor-widget-container\">\n\t\t\t\t\t<h2 class=\"elementor-heading-title elementor-size-default\">GIACOMINI<\/h2>\t\t\t\t<\/div>\n\t\t\t\t<\/div>\n\t\t\t\t<div class=\"elementor-element elementor-element-e4a685e e-grid-align-left elementor-shape-rounded elementor-grid-0 elementor-widget elementor-widget-social-icons\" data-id=\"e4a685e\" data-element_type=\"widget\" data-e-type=\"widget\" data-widget_type=\"social-icons.default\">\n\t\t\t\t<div class=\"elementor-widget-container\">\n\t\t\t\t\t\t\t<div class=\"elementor-social-icons-wrapper elementor-grid\" role=\"list\">\n\t\t\t\t\t\t\t<span class=\"elementor-grid-item\" role=\"listitem\">\n\t\t\t\t\t<a class=\"elementor-icon elementor-social-icon elementor-social-icon-facebook elementor-repeater-item-7873a55\" href=\"https:\/\/www.facebook.com\/giacomini.espana\" target=\"_blank\">\n\t\t\t\t\t\t<span class=\"elementor-screen-only\">Facebook<\/span>\n\t\t\t\t\t\t<i aria-hidden=\"true\" class=\"fab fa-facebook\"><\/i>\t\t\t\t\t<\/a>\n\t\t\t\t<\/span>\n\t\t\t\t\t\t\t<span class=\"elementor-grid-item\" role=\"listitem\">\n\t\t\t\t\t<a class=\"elementor-icon elementor-social-icon elementor-social-icon-twitter elementor-repeater-item-c4d329d\" href=\"https:\/\/twitter.com\/i\/flow\/login?redirect_after_login=%2Fgiaco_esp\" target=\"_blank\">\n\t\t\t\t\t\t<span class=\"elementor-screen-only\">Twitter<\/span>\n\t\t\t\t\t\t<i aria-hidden=\"true\" class=\"fab fa-twitter\"><\/i>\t\t\t\t\t<\/a>\n\t\t\t\t<\/span>\n\t\t\t\t\t\t\t<span class=\"elementor-grid-item\" role=\"listitem\">\n\t\t\t\t\t<a class=\"elementor-icon elementor-social-icon elementor-social-icon-youtube elementor-repeater-item-24cb006\" href=\"https:\/\/www.youtube.com\/giacominiesp?cbrd=1&#038;ucbcb=1\" target=\"_blank\">\n\t\t\t\t\t\t<span class=\"elementor-screen-only\">Youtube<\/span>\n\t\t\t\t\t\t<i aria-hidden=\"true\" class=\"fab fa-youtube\"><\/i>\t\t\t\t\t<\/a>\n\t\t\t\t<\/span>\n\t\t\t\t\t<\/div>\n\t\t\t\t\t\t<\/div>\n\t\t\t\t<\/div>\n\t\t\t\t<div class=\"elementor-element elementor-element-eab280e elementor-widget elementor-widget-text-editor\" data-id=\"eab280e\" data-element_type=\"widget\" data-e-type=\"widget\" data-widget_type=\"text-editor.default\">\n\t\t\t\t<div class=\"elementor-widget-container\">\n\t\t\t\t\t\t\t\t\t<div class=\"category-desc clearfix\"><p>Nuestros productos dan vida al agua para brindar servicios \u00fatiles y bienestar a las personas. Por ello, nuestro lema es: \u201cWATER E-MOTION\u201d. En casa, en la oficina, en la f\u00e1brica, en cualquier lugar donde el agua se mueva, se caliente o se enfr\u00ede, hay un producto GIACOMINI.<\/p><p>En el futuro que nos aguarda los edificios ya no ser\u00e1n solo &#8220;techos bajo los cuales protegerse&#8221; y se convertir\u00e1n principalmente en lugares fundamentales para nuestra salud, nuestras relaciones personales y profesionales, nuestro bienestar y el del planeta.<\/p><p>En cuanto tales, los mismos ser\u00e1n algo m\u00e1s que simples edificios. Ser\u00e1n, cada vez en mayor medida, lugares en los cuales la luz, el calor y el refrigerio, el agua, se utilizar\u00e1n con mayor inteligencia y sentido de la responsabilidad.<\/p><p>En este escenario, nuestro objetivo es convertirnos en la empresa l\u00edder en la producci\u00f3n de componentes y sistemas que utilizan el agua para climatizar los ambientes, controlan el agua &#8220;en el lugar&#8221; para los consumos del individuo, y utilizan el agua para apagar el fuego. Todo esto con el m\u00ednimo consumo de energ\u00eda.<\/p><\/div>\t\t\t\t\t\t\t\t<\/div>\n\t\t\t\t<\/div>\n\t\t\t\t<div class=\"elementor-element elementor-element-6a0520c elementor-align-start elementor-list-item-link-full_width elementor-widget elementor-widget-icon-list\" data-id=\"6a0520c\" data-element_type=\"widget\" data-e-type=\"widget\" data-widget_type=\"icon-list.default\">\n\t\t\t\t<div class=\"elementor-widget-container\">\n\t\t\t\t\t\t\t<ul class=\"elementor-icon-list-items\">\n\t\t\t\t\t\t\t<li class=\"elementor-icon-list-item\">\n\t\t\t\t\t\t\t\t\t\t\t<a href=\"https:\/\/es.giacomini.com\/\" target=\"_blank\" rel=\"nofollow\">\n\n\t\t\t\t\t\t\t\t\t\t\t\t<span class=\"elementor-icon-list-icon\">\n\t\t\t\t\t\t\t<i aria-hidden=\"true\" class=\"fas fa-link\"><\/i>\t\t\t\t\t\t<\/span>\n\t\t\t\t\t\t\t\t\t\t<span class=\"elementor-icon-list-text\">es.giacomini.com<\/span>\n\t\t\t\t\t\t\t\t\t\t\t<\/a>\n\t\t\t\t\t\t\t\t\t<\/li>\n\t\t\t\t\t\t\t\t<li class=\"elementor-icon-list-item\">\n\t\t\t\t\t\t\t\t\t\t\t<a href=\"tel:%20+34%2093%20884%2010%2001%20\" target=\"_blank\" rel=\"nofollow\">\n\n\t\t\t\t\t\t\t\t\t\t\t\t<span class=\"elementor-icon-list-icon\">\n\t\t\t\t\t\t\t<i aria-hidden=\"true\" class=\"fas fa-phone-volume\"><\/i>\t\t\t\t\t\t<\/span>\n\t\t\t\t\t\t\t\t\t\t<span class=\"elementor-icon-list-text\">+34 93 884 10 01<\/span>\n\t\t\t\t\t\t\t\t\t\t\t<\/a>\n\t\t\t\t\t\t\t\t\t<\/li>\n\t\t\t\t\t\t\t\t<li class=\"elementor-icon-list-item\">\n\t\t\t\t\t\t\t\t\t\t\t<a href=\"mailto:%20atencionclientes@giacomini.com\" target=\"_blank\" rel=\"nofollow\">\n\n\t\t\t\t\t\t\t\t\t\t\t\t<span class=\"elementor-icon-list-icon\">\n\t\t\t\t\t\t\t<i aria-hidden=\"true\" class=\"fas fa-envelope\"><\/i>\t\t\t\t\t\t<\/span>\n\t\t\t\t\t\t\t\t\t\t<span class=\"elementor-icon-list-text\">atencionclientes@giacomini.com<\/span>\n\t\t\t\t\t\t\t\t\t\t\t<\/a>\n\t\t\t\t\t\t\t\t\t<\/li>\n\t\t\t\t\t\t\t\t<li class=\"elementor-icon-list-item\">\n\t\t\t\t\t\t\t\t\t\t\t<span class=\"elementor-icon-list-icon\">\n\t\t\t\t\t\t\t<i aria-hidden=\"true\" class=\"fas fa-map-marker-alt\"><\/i>\t\t\t\t\t\t<\/span>\n\t\t\t\t\t\t\t\t\t\t<span class=\"elementor-icon-list-text\">Ctra. de Viladrau Km. 10 P.I. Montmany n\u00ba2 08553 - SEVA Barcelona<\/span>\n\t\t\t\t\t\t\t\t\t<\/li>\n\t\t\t\t\t\t<\/ul>\n\t\t\t\t\t\t<\/div>\n\t\t\t\t<\/div>\n\t\t\t\t<div class=\"elementor-element elementor-element-34e04f6 elementor-widget elementor-widget-google_maps\" data-id=\"34e04f6\" data-element_type=\"widget\" data-e-type=\"widget\" data-widget_type=\"google_maps.default\">\n\t\t\t\t<div class=\"elementor-widget-container\">\n\t\t\t\t\t\t\t<div class=\"elementor-custom-embed\">\n\t\t\t<iframe loading=\"lazy\"\n\t\t\t\t\tsrc=\"https:\/\/maps.google.com\/maps?q=Giacomini%20Espa%C3%B1a%20S.L.%2C%20Carretera%20de%20Viladrau%2C%20km%2010%2C%2008553%20Seva%2C%20Barcelona&#038;t=m&#038;z=10&#038;output=embed&#038;iwloc=near\"\n\t\t\t\t\ttitle=\"Giacomini Espa\u00f1a S.L., Carretera de Viladrau, km 10, 08553 Seva, Barcelona\"\n\t\t\t\t\taria-label=\"Giacomini Espa\u00f1a S.L., Carretera de Viladrau, km 10, 08553 Seva, Barcelona\"\n\t\t\t><\/iframe>\n\t\t<\/div>\n\t\t\t\t\t\t<\/div>\n\t\t\t\t<\/div>\n\t\t\t\t\t<\/div>\n\t\t<\/div>\n\t\t\t\t\t<\/div>\n\t\t<\/section>\n\t\t\t\t<\/div>\n\t\t","protected":false},"excerpt":{"rendered":"<p>GIACOMINI Facebook Twitter Youtube Nuestros productos dan vida al agua para brindar servicios \u00fatiles y bienestar a las personas. Por ello, nuestro lema es: \u201cWATER E-MOTION\u201d. En casa, en la [&hellip;]<\/p>\n","protected":false},"author":1,"featured_media":0,"parent":8287,"menu_order":0,"comment_status":"closed","ping_status":"closed","template":"elementor_header_footer","meta":{"footnotes":""},"class_list":["post-8324","page","type-page","status-publish","hentry"],"yoast_head":"<!-- This site is optimized with the Yoast SEO plugin v27.2 - https:\/\/yoast.com\/product\/yoast-seo-wordpress\/ -->\n<title>Entidades colaboradoras: Giacomini - Actecir<\/title>\n<meta name=\"robots\" content=\"index, follow, max-snippet:-1, max-image-preview:large, max-video-preview:-1\" \/>\n<link rel=\"canonical\" href=\"https:\/\/www.actecir.cat\/collaboradors\/entitats-collaboradores\/entitats-col-laboradores-giacomini\/\" \/>\n<meta property=\"og:locale\" content=\"es_ES\" \/>\n<meta property=\"og:type\" content=\"article\" \/>\n<meta property=\"og:title\" content=\"Entidades colaboradoras: Giacomini - Actecir\" \/>\n<meta property=\"og:description\" content=\"GIACOMINI Facebook Twitter Youtube Nuestros productos dan vida al agua para brindar servicios \u00fatiles y bienestar a las personas. Por ello, nuestro lema es: \u201cWATER E-MOTION\u201d. En casa, en la [&hellip;]\" \/>\n<meta property=\"og:url\" content=\"https:\/\/www.actecir.cat\/collaboradors\/entitats-collaboradores\/entitats-col-laboradores-giacomini\/\" \/>\n<meta property=\"og:site_name\" content=\"Actecir\" \/>\n<meta property=\"article:modified_time\" content=\"2026-01-29T10:41:21+00:00\" \/>\n<meta name=\"twitter:card\" content=\"summary_large_image\" \/>\n<meta name=\"twitter:site\" content=\"@actecir\" \/>\n<meta name=\"twitter:label1\" content=\"Tiempo de lectura\" \/>\n\t<meta name=\"twitter:data1\" content=\"1 minuto\" \/>\n<script type=\"application\/ld+json\" class=\"yoast-schema-graph\">{\"@context\":\"https:\/\/schema.org\",\"@graph\":[{\"@type\":\"WebPage\",\"@id\":\"https:\/\/www.actecir.cat\/collaboradors\/entitats-collaboradores\/entitats-col-laboradores-giacomini\/\",\"url\":\"https:\/\/www.actecir.cat\/collaboradors\/entitats-collaboradores\/entitats-col-laboradores-giacomini\/\",\"name\":\"Entidades colaboradoras: Giacomini - Actecir\",\"isPartOf\":{\"@id\":\"https:\/\/www.actecir.cat\/#website\"},\"datePublished\":\"2023-04-11T09:40:21+00:00\",\"dateModified\":\"2026-01-29T10:41:21+00:00\",\"breadcrumb\":{\"@id\":\"https:\/\/www.actecir.cat\/collaboradors\/entitats-collaboradores\/entitats-col-laboradores-giacomini\/#breadcrumb\"},\"inLanguage\":\"es\",\"potentialAction\":[{\"@type\":\"ReadAction\",\"target\":[\"https:\/\/www.actecir.cat\/collaboradors\/entitats-collaboradores\/entitats-col-laboradores-giacomini\/\"]}]},{\"@type\":\"BreadcrumbList\",\"@id\":\"https:\/\/www.actecir.cat\/collaboradors\/entitats-collaboradores\/entitats-col-laboradores-giacomini\/#breadcrumb\",\"itemListElement\":[{\"@type\":\"ListItem\",\"position\":1,\"name\":\"Inici\",\"item\":\"https:\/\/www.actecir.cat\/es\/\"},{\"@type\":\"ListItem\",\"position\":2,\"name\":\"Colaboradores\",\"item\":\"https:\/\/www.actecir.cat\/collaboradors\/\"},{\"@type\":\"ListItem\",\"position\":3,\"name\":\"ENTIDADES COLABORADORAS\",\"item\":\"https:\/\/www.actecir.cat\/collaboradors\/entitats-collaboradores\/\"},{\"@type\":\"ListItem\",\"position\":4,\"name\":\"Entidades colaboradoras: Giacomini\"}]},{\"@type\":\"WebSite\",\"@id\":\"https:\/\/www.actecir.cat\/#website\",\"url\":\"https:\/\/www.actecir.cat\/\",\"name\":\"Actecir\",\"description\":\"Associaci\u00f3 Catalana de T\u00e8cnics en Energia, Climatitzaci\u00f3 i Refrigeraci\u00f3\",\"publisher\":{\"@id\":\"https:\/\/www.actecir.cat\/#organization\"},\"potentialAction\":[{\"@type\":\"SearchAction\",\"target\":{\"@type\":\"EntryPoint\",\"urlTemplate\":\"https:\/\/www.actecir.cat\/?s={search_term_string}\"},\"query-input\":{\"@type\":\"PropertyValueSpecification\",\"valueRequired\":true,\"valueName\":\"search_term_string\"}}],\"inLanguage\":\"es\"},{\"@type\":\"Organization\",\"@id\":\"https:\/\/www.actecir.cat\/#organization\",\"name\":\"Actecir\",\"url\":\"https:\/\/www.actecir.cat\/\",\"logo\":{\"@type\":\"ImageObject\",\"inLanguage\":\"es\",\"@id\":\"https:\/\/www.actecir.cat\/#\/schema\/logo\/image\/\",\"url\":\"https:\/\/www.actecir.cat\/wp-content\/uploads\/2023\/04\/cropped-logo_actecir_60_alto.png\",\"contentUrl\":\"https:\/\/www.actecir.cat\/wp-content\/uploads\/2023\/04\/cropped-logo_actecir_60_alto.png\",\"width\":283,\"height\":80,\"caption\":\"Actecir\"},\"image\":{\"@id\":\"https:\/\/www.actecir.cat\/#\/schema\/logo\/image\/\"},\"sameAs\":[\"https:\/\/x.com\/actecir\",\"https:\/\/www.linkedin.com\/company\/actecir\"]}]}<\/script>\n<!-- \/ Yoast SEO plugin. -->","yoast_head_json":{"title":"Entidades colaboradoras: Giacomini - Actecir","robots":{"index":"index","follow":"follow","max-snippet":"max-snippet:-1","max-image-preview":"max-image-preview:large","max-video-preview":"max-video-preview:-1"},"canonical":"https:\/\/www.actecir.cat\/collaboradors\/entitats-collaboradores\/entitats-col-laboradores-giacomini\/","og_locale":"es_ES","og_type":"article","og_title":"Entidades colaboradoras: Giacomini - Actecir","og_description":"GIACOMINI Facebook Twitter Youtube Nuestros productos dan vida al agua para brindar servicios \u00fatiles y bienestar a las personas. Por ello, nuestro lema es: \u201cWATER E-MOTION\u201d. En casa, en la [&hellip;]","og_url":"https:\/\/www.actecir.cat\/collaboradors\/entitats-collaboradores\/entitats-col-laboradores-giacomini\/","og_site_name":"Actecir","article_modified_time":"2026-01-29T10:41:21+00:00","twitter_card":"summary_large_image","twitter_site":"@actecir","twitter_misc":{"Tiempo de lectura":"1 minuto"},"schema":{"@context":"https:\/\/schema.org","@graph":[{"@type":"WebPage","@id":"https:\/\/www.actecir.cat\/collaboradors\/entitats-collaboradores\/entitats-col-laboradores-giacomini\/","url":"https:\/\/www.actecir.cat\/collaboradors\/entitats-collaboradores\/entitats-col-laboradores-giacomini\/","name":"Entidades colaboradoras: Giacomini - Actecir","isPartOf":{"@id":"https:\/\/www.actecir.cat\/#website"},"datePublished":"2023-04-11T09:40:21+00:00","dateModified":"2026-01-29T10:41:21+00:00","breadcrumb":{"@id":"https:\/\/www.actecir.cat\/collaboradors\/entitats-collaboradores\/entitats-col-laboradores-giacomini\/#breadcrumb"},"inLanguage":"es","potentialAction":[{"@type":"ReadAction","target":["https:\/\/www.actecir.cat\/collaboradors\/entitats-collaboradores\/entitats-col-laboradores-giacomini\/"]}]},{"@type":"BreadcrumbList","@id":"https:\/\/www.actecir.cat\/collaboradors\/entitats-collaboradores\/entitats-col-laboradores-giacomini\/#breadcrumb","itemListElement":[{"@type":"ListItem","position":1,"name":"Inici","item":"https:\/\/www.actecir.cat\/es\/"},{"@type":"ListItem","position":2,"name":"Colaboradores","item":"https:\/\/www.actecir.cat\/collaboradors\/"},{"@type":"ListItem","position":3,"name":"ENTIDADES COLABORADORAS","item":"https:\/\/www.actecir.cat\/collaboradors\/entitats-collaboradores\/"},{"@type":"ListItem","position":4,"name":"Entidades colaboradoras: Giacomini"}]},{"@type":"WebSite","@id":"https:\/\/www.actecir.cat\/#website","url":"https:\/\/www.actecir.cat\/","name":"Actecir","description":"Associaci\u00f3 Catalana de T\u00e8cnics en Energia, Climatitzaci\u00f3 i Refrigeraci\u00f3","publisher":{"@id":"https:\/\/www.actecir.cat\/#organization"},"potentialAction":[{"@type":"SearchAction","target":{"@type":"EntryPoint","urlTemplate":"https:\/\/www.actecir.cat\/?s={search_term_string}"},"query-input":{"@type":"PropertyValueSpecification","valueRequired":true,"valueName":"search_term_string"}}],"inLanguage":"es"},{"@type":"Organization","@id":"https:\/\/www.actecir.cat\/#organization","name":"Actecir","url":"https:\/\/www.actecir.cat\/","logo":{"@type":"ImageObject","inLanguage":"es","@id":"https:\/\/www.actecir.cat\/#\/schema\/logo\/image\/","url":"https:\/\/www.actecir.cat\/wp-content\/uploads\/2023\/04\/cropped-logo_actecir_60_alto.png","contentUrl":"https:\/\/www.actecir.cat\/wp-content\/uploads\/2023\/04\/cropped-logo_actecir_60_alto.png","width":283,"height":80,"caption":"Actecir"},"image":{"@id":"https:\/\/www.actecir.cat\/#\/schema\/logo\/image\/"},"sameAs":["https:\/\/x.com\/actecir","https:\/\/www.linkedin.com\/company\/actecir"]}]}},"_links":{"self":[{"href":"https:\/\/www.actecir.cat\/es\/wp-json\/wp\/v2\/pages\/8324","targetHints":{"allow":["GET"]}}],"collection":[{"href":"https:\/\/www.actecir.cat\/es\/wp-json\/wp\/v2\/pages"}],"about":[{"href":"https:\/\/www.actecir.cat\/es\/wp-json\/wp\/v2\/types\/page"}],"author":[{"embeddable":true,"href":"https:\/\/www.actecir.cat\/es\/wp-json\/wp\/v2\/users\/1"}],"replies":[{"embeddable":true,"href":"https:\/\/www.actecir.cat\/es\/wp-json\/wp\/v2\/comments?post=8324"}],"version-history":[{"count":4,"href":"https:\/\/www.actecir.cat\/es\/wp-json\/wp\/v2\/pages\/8324\/revisions"}],"predecessor-version":[{"id":20728,"href":"https:\/\/www.actecir.cat\/es\/wp-json\/wp\/v2\/pages\/8324\/revisions\/20728"}],"up":[{"embeddable":true,"href":"https:\/\/www.actecir.cat\/es\/wp-json\/wp\/v2\/pages\/8287"}],"wp:attachment":[{"href":"https:\/\/www.actecir.cat\/es\/wp-json\/wp\/v2\/media?parent=8324"}],"curies":[{"name":"wp","href":"https:\/\/api.w.org\/{rel}","templated":true}]}}