{"id":8442,"date":"2023-04-11T16:03:58","date_gmt":"2023-04-11T14:03:58","guid":{"rendered":"https:\/\/www.actecir.cat\/colaboradores\/entidades-colaboradoras\/entidades-colaboradoras-schako\/"},"modified":"2026-01-29T11:41:33","modified_gmt":"2026-01-29T10:41:33","slug":"entidades-colaboradoras-schako","status":"publish","type":"page","link":"https:\/\/www.actecir.cat\/es\/colaboradores\/entidades-colaboradoras\/entidades-colaboradoras-schako\/","title":{"rendered":"Entidades colaboradoras: Schako"},"content":{"rendered":"\t\t<div data-elementor-type=\"wp-page\" data-elementor-id=\"8442\" class=\"elementor elementor-8442 elementor-1534\" data-elementor-post-type=\"page\">\n\t\t\t\t\t\t<section class=\"elementor-section elementor-top-section elementor-element elementor-element-a9353fc elementor-section-boxed elementor-section-height-default elementor-section-height-default\" data-id=\"a9353fc\" data-element_type=\"section\" data-e-type=\"section\">\n\t\t\t\t\t\t<div class=\"elementor-container elementor-column-gap-default\">\n\t\t\t\t\t<div class=\"elementor-column elementor-col-100 elementor-top-column elementor-element elementor-element-3adb08a\" data-id=\"3adb08a\" data-element_type=\"column\" data-e-type=\"column\">\n\t\t\t<div class=\"elementor-widget-wrap elementor-element-populated\">\n\t\t\t\t\t\t<div class=\"elementor-element elementor-element-cd922ab elementor-widget elementor-widget-heading\" data-id=\"cd922ab\" data-element_type=\"widget\" data-e-type=\"widget\" data-widget_type=\"heading.default\">\n\t\t\t\t<div class=\"elementor-widget-container\">\n\t\t\t\t\t<h2 class=\"elementor-heading-title elementor-size-default\">SCHAKO<\/h2>\t\t\t\t<\/div>\n\t\t\t\t<\/div>\n\t\t\t\t<div class=\"elementor-element elementor-element-f3f1400 e-grid-align-left elementor-shape-rounded elementor-grid-0 elementor-widget elementor-widget-social-icons\" data-id=\"f3f1400\" data-element_type=\"widget\" data-e-type=\"widget\" data-widget_type=\"social-icons.default\">\n\t\t\t\t<div class=\"elementor-widget-container\">\n\t\t\t\t\t\t\t<div class=\"elementor-social-icons-wrapper elementor-grid\" role=\"list\">\n\t\t\t\t\t\t\t<span class=\"elementor-grid-item\" role=\"listitem\">\n\t\t\t\t\t<a class=\"elementor-icon elementor-social-icon elementor-social-icon-linkedin elementor-repeater-item-2aaf7f5\" href=\"https:\/\/www.linkedin.com\/company\/schako-kg\/?originalSubdomain=de\" target=\"_blank\">\n\t\t\t\t\t\t<span class=\"elementor-screen-only\">Linkedin<\/span>\n\t\t\t\t\t\t<i aria-hidden=\"true\" class=\"fab fa-linkedin\"><\/i>\t\t\t\t\t<\/a>\n\t\t\t\t<\/span>\n\t\t\t\t\t\t\t<span class=\"elementor-grid-item\" role=\"listitem\">\n\t\t\t\t\t<a class=\"elementor-icon elementor-social-icon elementor-social-icon-twitter elementor-repeater-item-adea0ae\" href=\"https:\/\/twitter.com\/i\/flow\/login?redirect_after_login=%2FSCHAKO_KG\" target=\"_blank\">\n\t\t\t\t\t\t<span class=\"elementor-screen-only\">Twitter<\/span>\n\t\t\t\t\t\t<i aria-hidden=\"true\" class=\"fab fa-twitter\"><\/i>\t\t\t\t\t<\/a>\n\t\t\t\t<\/span>\n\t\t\t\t\t\t\t<span class=\"elementor-grid-item\" role=\"listitem\">\n\t\t\t\t\t<a class=\"elementor-icon elementor-social-icon elementor-social-icon-facebook elementor-repeater-item-c4d329d\" href=\"https:\/\/www.facebook.com\/SCHAKO.Ausbildung.mit.Zukunft\/\" target=\"_blank\">\n\t\t\t\t\t\t<span class=\"elementor-screen-only\">Facebook<\/span>\n\t\t\t\t\t\t<i aria-hidden=\"true\" class=\"fab fa-facebook\"><\/i>\t\t\t\t\t<\/a>\n\t\t\t\t<\/span>\n\t\t\t\t\t\t\t<span class=\"elementor-grid-item\" role=\"listitem\">\n\t\t\t\t\t<a class=\"elementor-icon elementor-social-icon elementor-social-icon-youtube elementor-repeater-item-08aa97e\" href=\"https:\/\/www.youtube.com\/user\/schakokg?cbrd=1&#038;ucbcb=1\" target=\"_blank\">\n\t\t\t\t\t\t<span class=\"elementor-screen-only\">Youtube<\/span>\n\t\t\t\t\t\t<i aria-hidden=\"true\" class=\"fab fa-youtube\"><\/i>\t\t\t\t\t<\/a>\n\t\t\t\t<\/span>\n\t\t\t\t\t<\/div>\n\t\t\t\t\t\t<\/div>\n\t\t\t\t<\/div>\n\t\t\t\t<div class=\"elementor-element elementor-element-2b5f3e2 elementor-widget elementor-widget-text-editor\" data-id=\"2b5f3e2\" data-element_type=\"widget\" data-e-type=\"widget\" data-widget_type=\"text-editor.default\">\n\t\t\t\t<div class=\"elementor-widget-container\">\n\t\t\t\t\t\t\t\t\t<p><strong>SCHAKO<\/strong>, el inventor del difusor rotacional, produce componentes y sistemas para la tecnolog\u00eda de ventilaci\u00f3n y climatizaci\u00f3n. Sus centros de producci\u00f3n se encuentran ubicados en cinco emplazamientos dentro de Europa. El desarrollo en laboratorios de prueba propios garantiza la funcionalidad de cada producto. Nuestra producci\u00f3n automatizada garantiza una elevada calidad y flexibilidad.<\/p>\t\t\t\t\t\t\t\t<\/div>\n\t\t\t\t<\/div>\n\t\t\t\t<div class=\"elementor-element elementor-element-d2ef381 elementor-align-start elementor-list-item-link-full_width elementor-widget elementor-widget-icon-list\" data-id=\"d2ef381\" data-element_type=\"widget\" data-e-type=\"widget\" data-widget_type=\"icon-list.default\">\n\t\t\t\t<div class=\"elementor-widget-container\">\n\t\t\t\t\t\t\t<ul class=\"elementor-icon-list-items\">\n\t\t\t\t\t\t\t<li class=\"elementor-icon-list-item\">\n\t\t\t\t\t\t\t\t\t\t\t<a href=\"https:\/\/schako.com\/es\/\" target=\"_blank\" rel=\"nofollow\">\n\n\t\t\t\t\t\t\t\t\t\t\t\t<span class=\"elementor-icon-list-icon\">\n\t\t\t\t\t\t\t<i aria-hidden=\"true\" class=\"fas fa-link\"><\/i>\t\t\t\t\t\t<\/span>\n\t\t\t\t\t\t\t\t\t\t<span class=\"elementor-icon-list-text\">schako.com<\/span>\n\t\t\t\t\t\t\t\t\t\t\t<\/a>\n\t\t\t\t\t\t\t\t\t<\/li>\n\t\t\t\t\t\t\t\t<li class=\"elementor-icon-list-item\">\n\t\t\t\t\t\t\t\t\t\t\t<a href=\"tel:%20+34%20934462780\" target=\"_blank\" rel=\"nofollow\">\n\n\t\t\t\t\t\t\t\t\t\t\t\t<span class=\"elementor-icon-list-icon\">\n\t\t\t\t\t\t\t<i aria-hidden=\"true\" class=\"fas fa-phone-volume\"><\/i>\t\t\t\t\t\t<\/span>\n\t\t\t\t\t\t\t\t\t\t<span class=\"elementor-icon-list-text\">+34 935 530 852<\/span>\n\t\t\t\t\t\t\t\t\t\t\t<\/a>\n\t\t\t\t\t\t\t\t\t<\/li>\n\t\t\t\t\t\t\t\t<li class=\"elementor-icon-list-item\">\n\t\t\t\t\t\t\t\t\t\t\t<span class=\"elementor-icon-list-icon\">\n\t\t\t\t\t\t\t<i aria-hidden=\"true\" class=\"fas fa-map-marker-alt\"><\/i>\t\t\t\t\t\t<\/span>\n\t\t\t\t\t\t\t\t\t\t<span class=\"elementor-icon-list-text\"> Avgda. Josep Tarradellas, 38 Despatx 8-9 08029 Barcelona<\/span>\n\t\t\t\t\t\t\t\t\t<\/li>\n\t\t\t\t\t\t<\/ul>\n\t\t\t\t\t\t<\/div>\n\t\t\t\t<\/div>\n\t\t\t\t<div class=\"elementor-element elementor-element-a23b88b elementor-widget elementor-widget-google_maps\" data-id=\"a23b88b\" data-element_type=\"widget\" data-e-type=\"widget\" data-widget_type=\"google_maps.default\">\n\t\t\t\t<div class=\"elementor-widget-container\">\n\t\t\t\t\t\t\t<div class=\"elementor-custom-embed\">\n\t\t\t<iframe loading=\"lazy\"\n\t\t\t\t\tsrc=\"https:\/\/maps.google.com\/maps?q=Av.%20de%20Josep%20Tarradellas%2C%2038%2008029%20Barcelona&#038;t=m&#038;z=10&#038;output=embed&#038;iwloc=near\"\n\t\t\t\t\ttitle=\"Av. de Josep Tarradellas, 38 08029 Barcelona\"\n\t\t\t\t\taria-label=\"Av. de Josep Tarradellas, 38 08029 Barcelona\"\n\t\t\t><\/iframe>\n\t\t<\/div>\n\t\t\t\t\t\t<\/div>\n\t\t\t\t<\/div>\n\t\t\t\t\t<\/div>\n\t\t<\/div>\n\t\t\t\t\t<\/div>\n\t\t<\/section>\n\t\t\t\t<\/div>\n\t\t","protected":false},"excerpt":{"rendered":"<p>SCHAKO Linkedin Twitter Facebook Youtube SCHAKO, el inventor del difusor rotacional, produce componentes y sistemas para la tecnolog\u00eda de ventilaci\u00f3n y climatizaci\u00f3n. Sus centros de producci\u00f3n se encuentran ubicados en [&hellip;]<\/p>\n","protected":false},"author":1,"featured_media":0,"parent":8287,"menu_order":0,"comment_status":"closed","ping_status":"closed","template":"elementor_header_footer","meta":{"footnotes":""},"class_list":["post-8442","page","type-page","status-publish","hentry"],"yoast_head":"<!-- This site is optimized with the Yoast SEO plugin v27.2 - https:\/\/yoast.com\/product\/yoast-seo-wordpress\/ -->\n<title>Entidades colaboradoras: Schako - Actecir<\/title>\n<meta name=\"robots\" content=\"index, follow, max-snippet:-1, max-image-preview:large, max-video-preview:-1\" \/>\n<link rel=\"canonical\" href=\"https:\/\/www.actecir.cat\/collaboradors\/entitats-collaboradores\/entitats-col-laboradores-schako\/\" \/>\n<meta property=\"og:locale\" content=\"es_ES\" \/>\n<meta property=\"og:type\" content=\"article\" \/>\n<meta property=\"og:title\" content=\"Entidades colaboradoras: Schako - Actecir\" \/>\n<meta property=\"og:description\" content=\"SCHAKO Linkedin Twitter Facebook Youtube SCHAKO, el inventor del difusor rotacional, produce componentes y sistemas para la tecnolog\u00eda de ventilaci\u00f3n y climatizaci\u00f3n. Sus centros de producci\u00f3n se encuentran ubicados en [&hellip;]\" \/>\n<meta property=\"og:url\" content=\"https:\/\/www.actecir.cat\/collaboradors\/entitats-collaboradores\/entitats-col-laboradores-schako\/\" \/>\n<meta property=\"og:site_name\" content=\"Actecir\" \/>\n<meta property=\"article:modified_time\" content=\"2026-01-29T10:41:33+00:00\" \/>\n<meta name=\"twitter:card\" content=\"summary_large_image\" \/>\n<meta name=\"twitter:site\" content=\"@actecir\" \/>\n<script type=\"application\/ld+json\" class=\"yoast-schema-graph\">{\"@context\":\"https:\/\/schema.org\",\"@graph\":[{\"@type\":\"WebPage\",\"@id\":\"https:\/\/www.actecir.cat\/collaboradors\/entitats-collaboradores\/entitats-col-laboradores-schako\/\",\"url\":\"https:\/\/www.actecir.cat\/collaboradors\/entitats-collaboradores\/entitats-col-laboradores-schako\/\",\"name\":\"Entidades colaboradoras: Schako - Actecir\",\"isPartOf\":{\"@id\":\"https:\/\/www.actecir.cat\/#website\"},\"datePublished\":\"2023-04-11T14:03:58+00:00\",\"dateModified\":\"2026-01-29T10:41:33+00:00\",\"breadcrumb\":{\"@id\":\"https:\/\/www.actecir.cat\/collaboradors\/entitats-collaboradores\/entitats-col-laboradores-schako\/#breadcrumb\"},\"inLanguage\":\"es\",\"potentialAction\":[{\"@type\":\"ReadAction\",\"target\":[\"https:\/\/www.actecir.cat\/collaboradors\/entitats-collaboradores\/entitats-col-laboradores-schako\/\"]}]},{\"@type\":\"BreadcrumbList\",\"@id\":\"https:\/\/www.actecir.cat\/collaboradors\/entitats-collaboradores\/entitats-col-laboradores-schako\/#breadcrumb\",\"itemListElement\":[{\"@type\":\"ListItem\",\"position\":1,\"name\":\"Inici\",\"item\":\"https:\/\/www.actecir.cat\/es\/\"},{\"@type\":\"ListItem\",\"position\":2,\"name\":\"Colaboradores\",\"item\":\"https:\/\/www.actecir.cat\/collaboradors\/\"},{\"@type\":\"ListItem\",\"position\":3,\"name\":\"ENTIDADES COLABORADORAS\",\"item\":\"https:\/\/www.actecir.cat\/collaboradors\/entitats-collaboradores\/\"},{\"@type\":\"ListItem\",\"position\":4,\"name\":\"Entidades colaboradoras: Schako\"}]},{\"@type\":\"WebSite\",\"@id\":\"https:\/\/www.actecir.cat\/#website\",\"url\":\"https:\/\/www.actecir.cat\/\",\"name\":\"Actecir\",\"description\":\"Associaci\u00f3 Catalana de T\u00e8cnics en Energia, Climatitzaci\u00f3 i Refrigeraci\u00f3\",\"publisher\":{\"@id\":\"https:\/\/www.actecir.cat\/#organization\"},\"potentialAction\":[{\"@type\":\"SearchAction\",\"target\":{\"@type\":\"EntryPoint\",\"urlTemplate\":\"https:\/\/www.actecir.cat\/?s={search_term_string}\"},\"query-input\":{\"@type\":\"PropertyValueSpecification\",\"valueRequired\":true,\"valueName\":\"search_term_string\"}}],\"inLanguage\":\"es\"},{\"@type\":\"Organization\",\"@id\":\"https:\/\/www.actecir.cat\/#organization\",\"name\":\"Actecir\",\"url\":\"https:\/\/www.actecir.cat\/\",\"logo\":{\"@type\":\"ImageObject\",\"inLanguage\":\"es\",\"@id\":\"https:\/\/www.actecir.cat\/#\/schema\/logo\/image\/\",\"url\":\"https:\/\/www.actecir.cat\/wp-content\/uploads\/2023\/04\/cropped-logo_actecir_60_alto.png\",\"contentUrl\":\"https:\/\/www.actecir.cat\/wp-content\/uploads\/2023\/04\/cropped-logo_actecir_60_alto.png\",\"width\":283,\"height\":80,\"caption\":\"Actecir\"},\"image\":{\"@id\":\"https:\/\/www.actecir.cat\/#\/schema\/logo\/image\/\"},\"sameAs\":[\"https:\/\/x.com\/actecir\",\"https:\/\/www.linkedin.com\/company\/actecir\"]}]}<\/script>\n<!-- \/ Yoast SEO plugin. -->","yoast_head_json":{"title":"Entidades colaboradoras: Schako - Actecir","robots":{"index":"index","follow":"follow","max-snippet":"max-snippet:-1","max-image-preview":"max-image-preview:large","max-video-preview":"max-video-preview:-1"},"canonical":"https:\/\/www.actecir.cat\/collaboradors\/entitats-collaboradores\/entitats-col-laboradores-schako\/","og_locale":"es_ES","og_type":"article","og_title":"Entidades colaboradoras: Schako - Actecir","og_description":"SCHAKO Linkedin Twitter Facebook Youtube SCHAKO, el inventor del difusor rotacional, produce componentes y sistemas para la tecnolog\u00eda de ventilaci\u00f3n y climatizaci\u00f3n. Sus centros de producci\u00f3n se encuentran ubicados en [&hellip;]","og_url":"https:\/\/www.actecir.cat\/collaboradors\/entitats-collaboradores\/entitats-col-laboradores-schako\/","og_site_name":"Actecir","article_modified_time":"2026-01-29T10:41:33+00:00","twitter_card":"summary_large_image","twitter_site":"@actecir","schema":{"@context":"https:\/\/schema.org","@graph":[{"@type":"WebPage","@id":"https:\/\/www.actecir.cat\/collaboradors\/entitats-collaboradores\/entitats-col-laboradores-schako\/","url":"https:\/\/www.actecir.cat\/collaboradors\/entitats-collaboradores\/entitats-col-laboradores-schako\/","name":"Entidades colaboradoras: Schako - Actecir","isPartOf":{"@id":"https:\/\/www.actecir.cat\/#website"},"datePublished":"2023-04-11T14:03:58+00:00","dateModified":"2026-01-29T10:41:33+00:00","breadcrumb":{"@id":"https:\/\/www.actecir.cat\/collaboradors\/entitats-collaboradores\/entitats-col-laboradores-schako\/#breadcrumb"},"inLanguage":"es","potentialAction":[{"@type":"ReadAction","target":["https:\/\/www.actecir.cat\/collaboradors\/entitats-collaboradores\/entitats-col-laboradores-schako\/"]}]},{"@type":"BreadcrumbList","@id":"https:\/\/www.actecir.cat\/collaboradors\/entitats-collaboradores\/entitats-col-laboradores-schako\/#breadcrumb","itemListElement":[{"@type":"ListItem","position":1,"name":"Inici","item":"https:\/\/www.actecir.cat\/es\/"},{"@type":"ListItem","position":2,"name":"Colaboradores","item":"https:\/\/www.actecir.cat\/collaboradors\/"},{"@type":"ListItem","position":3,"name":"ENTIDADES COLABORADORAS","item":"https:\/\/www.actecir.cat\/collaboradors\/entitats-collaboradores\/"},{"@type":"ListItem","position":4,"name":"Entidades colaboradoras: Schako"}]},{"@type":"WebSite","@id":"https:\/\/www.actecir.cat\/#website","url":"https:\/\/www.actecir.cat\/","name":"Actecir","description":"Associaci\u00f3 Catalana de T\u00e8cnics en Energia, Climatitzaci\u00f3 i Refrigeraci\u00f3","publisher":{"@id":"https:\/\/www.actecir.cat\/#organization"},"potentialAction":[{"@type":"SearchAction","target":{"@type":"EntryPoint","urlTemplate":"https:\/\/www.actecir.cat\/?s={search_term_string}"},"query-input":{"@type":"PropertyValueSpecification","valueRequired":true,"valueName":"search_term_string"}}],"inLanguage":"es"},{"@type":"Organization","@id":"https:\/\/www.actecir.cat\/#organization","name":"Actecir","url":"https:\/\/www.actecir.cat\/","logo":{"@type":"ImageObject","inLanguage":"es","@id":"https:\/\/www.actecir.cat\/#\/schema\/logo\/image\/","url":"https:\/\/www.actecir.cat\/wp-content\/uploads\/2023\/04\/cropped-logo_actecir_60_alto.png","contentUrl":"https:\/\/www.actecir.cat\/wp-content\/uploads\/2023\/04\/cropped-logo_actecir_60_alto.png","width":283,"height":80,"caption":"Actecir"},"image":{"@id":"https:\/\/www.actecir.cat\/#\/schema\/logo\/image\/"},"sameAs":["https:\/\/x.com\/actecir","https:\/\/www.linkedin.com\/company\/actecir"]}]}},"_links":{"self":[{"href":"https:\/\/www.actecir.cat\/es\/wp-json\/wp\/v2\/pages\/8442","targetHints":{"allow":["GET"]}}],"collection":[{"href":"https:\/\/www.actecir.cat\/es\/wp-json\/wp\/v2\/pages"}],"about":[{"href":"https:\/\/www.actecir.cat\/es\/wp-json\/wp\/v2\/types\/page"}],"author":[{"embeddable":true,"href":"https:\/\/www.actecir.cat\/es\/wp-json\/wp\/v2\/users\/1"}],"replies":[{"embeddable":true,"href":"https:\/\/www.actecir.cat\/es\/wp-json\/wp\/v2\/comments?post=8442"}],"version-history":[{"count":4,"href":"https:\/\/www.actecir.cat\/es\/wp-json\/wp\/v2\/pages\/8442\/revisions"}],"predecessor-version":[{"id":20740,"href":"https:\/\/www.actecir.cat\/es\/wp-json\/wp\/v2\/pages\/8442\/revisions\/20740"}],"up":[{"embeddable":true,"href":"https:\/\/www.actecir.cat\/es\/wp-json\/wp\/v2\/pages\/8287"}],"wp:attachment":[{"href":"https:\/\/www.actecir.cat\/es\/wp-json\/wp\/v2\/media?parent=8442"}],"curies":[{"name":"wp","href":"https:\/\/api.w.org\/{rel}","templated":true}]}}