{"id":8489,"date":"2023-04-06T09:14:26","date_gmt":"2023-04-06T07:14:26","guid":{"rendered":"https:\/\/www.actecir.cat\/quienes-somos\/carta-del-presidente\/"},"modified":"2026-01-29T11:41:07","modified_gmt":"2026-01-29T10:41:07","slug":"carta-del-presidente","status":"publish","type":"page","link":"https:\/\/www.actecir.cat\/es\/quienes-somos\/carta-del-presidente\/","title":{"rendered":"Carta del presidente"},"content":{"rendered":"\t\t<div data-elementor-type=\"wp-page\" data-elementor-id=\"8489\" class=\"elementor elementor-8489 elementor-407\" data-elementor-post-type=\"page\">\n\t\t\t\t\t\t<section class=\"elementor-section elementor-top-section elementor-element elementor-element-718fbcf elementor-section-boxed elementor-section-height-default elementor-section-height-default elementor-invisible\" data-id=\"718fbcf\" data-element_type=\"section\" data-e-type=\"section\" data-settings=\"{&quot;background_background&quot;:&quot;classic&quot;,&quot;animation&quot;:&quot;fadeIn&quot;}\">\n\t\t\t\t\t\t\t<div class=\"elementor-background-overlay\"><\/div>\n\t\t\t\t\t\t\t<div class=\"elementor-container elementor-column-gap-default\">\n\t\t\t\t\t<div class=\"elementor-column elementor-col-100 elementor-top-column elementor-element elementor-element-71544f2\" data-id=\"71544f2\" data-element_type=\"column\" data-e-type=\"column\">\n\t\t\t<div class=\"elementor-widget-wrap elementor-element-populated\">\n\t\t\t\t\t\t<div class=\"elementor-element elementor-element-09d8801 elementor-widget elementor-widget-heading\" data-id=\"09d8801\" data-element_type=\"widget\" data-e-type=\"widget\" data-widget_type=\"heading.default\">\n\t\t\t\t<div class=\"elementor-widget-container\">\n\t\t\t\t\t<h2 class=\"elementor-heading-title elementor-size-default\">Carta del presidente\n<\/h2>\t\t\t\t<\/div>\n\t\t\t\t<\/div>\n\t\t\t\t<div class=\"elementor-element elementor-element-7cfa7e8 elementor-widget elementor-widget-text-editor\" data-id=\"7cfa7e8\" data-element_type=\"widget\" data-e-type=\"widget\" data-widget_type=\"text-editor.default\">\n\t\t\t\t<div class=\"elementor-widget-container\">\n\t\t\t\t\t\t\t\t\t<p>Carta de Gaspar Mart\u00edn, julio de 2024<\/p>\t\t\t\t\t\t\t\t<\/div>\n\t\t\t\t<\/div>\n\t\t\t\t\t<\/div>\n\t\t<\/div>\n\t\t\t\t\t<\/div>\n\t\t<\/section>\n\t\t\t\t<section class=\"elementor-section elementor-top-section elementor-element elementor-element-2951a65 elementor-reverse-tablet elementor-reverse-mobile elementor-section-boxed elementor-section-height-default elementor-section-height-default elementor-invisible\" data-id=\"2951a65\" data-element_type=\"section\" data-e-type=\"section\" data-settings=\"{&quot;animation&quot;:&quot;fadeInUp&quot;}\">\n\t\t\t\t\t\t<div class=\"elementor-container elementor-column-gap-default\">\n\t\t\t\t\t<div class=\"elementor-column elementor-col-100 elementor-top-column elementor-element elementor-element-e61e371\" data-id=\"e61e371\" data-element_type=\"column\" data-e-type=\"column\">\n\t\t\t<div class=\"elementor-widget-wrap elementor-element-populated\">\n\t\t\t\t\t\t<section class=\"elementor-section elementor-inner-section elementor-element elementor-element-ac0e5ac elementor-section-full_width elementor-section-content-middle elementor-section-height-default elementor-section-height-default\" data-id=\"ac0e5ac\" data-element_type=\"section\" data-e-type=\"section\" data-settings=\"{&quot;background_background&quot;:&quot;gradient&quot;}\">\n\t\t\t\t\t\t<div class=\"elementor-container elementor-column-gap-default\">\n\t\t\t\t\t<div class=\"elementor-column elementor-col-100 elementor-inner-column elementor-element elementor-element-c938fd0\" data-id=\"c938fd0\" data-element_type=\"column\" data-e-type=\"column\">\n\t\t\t<div class=\"elementor-widget-wrap elementor-element-populated\">\n\t\t\t\t\t\t<div class=\"elementor-element elementor-element-9fd3edd elementor-widget elementor-widget-text-editor\" data-id=\"9fd3edd\" data-element_type=\"widget\" data-e-type=\"widget\" data-widget_type=\"text-editor.default\">\n\t\t\t\t<div class=\"elementor-widget-container\">\n\t\t\t\t\t\t\t\t\t<p style=\"text-align: left;\">Estimados <span style=\"font-size: 12pt; color: var( --e-global-color-text );\">socios y socias, empresas protectoras y entidades colaboradoras.<\/span><\/p>\n<p class=\"MsoNormal\"><span style=\"font-size: 12.0pt; line-height: 107%; mso-ansi-language: CA;\">Me dirijo a vosotros en calidad de presidente de <b><span style=\"color: #0070c0;\">ACTECIR<\/span><\/b> durante los&nbsp; pr\u00f3ximos dos a\u00f1os. M\u00e1s all\u00e1 de la funci\u00f3n simb\u00f3lica y de representaci\u00f3n que&nbsp; supone este cargo de responsabilidad, lo que me hace especial ilusi\u00f3n es el&nbsp; apoyo y confianza recibidos tanto por los socios como por la Junta Directiva en la&nbsp; pasada asamblea en la que se ratific\u00f3 mi nombramiento. Espero estar a la altura&nbsp; de este reto.  <\/span><\/p>\n<p class=\"MsoNormal\"><span style=\"font-size: 12.0pt; line-height: 107%; mso-ansi-language: CA;\">Ante todo, quisiera hacer un especial agradecimiento hacia el ya Former Presidente <b><span style=\"color: #0070c0;\">Pedro Garc\u00eda<\/span><\/b> ,&nbsp; que me propuso en su d\u00eda como Presidente Electo y con quien he trabajado<br> intensamente durante los dos \u00faltimos dos a\u00f1os. Puedo afirmar en primera persona la&nbsp; gran dedicaci\u00f3n, entrega y magistral trabajo que ha aportado a ACTECIR durante el&nbsp; su mandato. &nbsp; <\/span><\/p>\n<p class=\"MsoNormal\"><span style=\"font-size: 12.0pt; line-height: 107%; mso-ansi-language: CA;\">Ya hablando de futuro, mi objetivo principal durante los pr\u00f3ximos dos a\u00f1os junto a la ayuda del Presidente Electo&nbsp;<b><span style=\"color: #0070c0;\">Sergi Asensio<\/span><\/b> , la actual <b><span style=\"color: #0070c0;\">Junta Directiva<\/span><\/b> y el <b><span style=\"color: #0070c0;\">Consejo Asesor<\/span><\/b> , ser\u00e1 el de proyectar&nbsp; intentar hacer crecer a\u00fan m\u00e1s nuestra querida asociaci\u00f3n en los sectores&nbsp; de la climatizaci\u00f3n, las energ\u00edas renovables y la refrigeraci\u00f3n. El trabajo&nbsp; realizada en los \u00faltimos a\u00f1os nos ha permitido posicionarnos como un referente dentro&nbsp; el \u00e1mbito asociativo t\u00e9cnico catal\u00e1n, pero todav\u00eda nos queda mucho trabajo por hacer por&nbsp; ser a\u00fan m\u00e1s \u00fatiles e influyentes por el sector y por nuestros asociados. <\/span><\/p>\n<p class=\"MsoNormal\"><span style=\"font-size: 12.0pt; line-height: 107%; mso-ansi-language: CA;\">Vienen a\u00f1os interesantes y motivadores por&nbsp; para poder llevar a cabo con \u00e9xito la profunda transici\u00f3n energ\u00e9tica y&nbsp; tecnol\u00f3gica necesaria dentro de la sociedad para alcanzar los objetivos de&nbsp; descarbonizaci\u00f3n de cara a 2050. Cambios normativos profundos que obligar\u00e1n a&nbsp; apoyarnos cada vez m\u00e1s en las energ\u00edas renovables, con sistemas y&nbsp; tecnolog\u00edas alternativas a las tradicionales que consumen combustibles&nbsp; f\u00f3siles. Los sistemas de climatizaci\u00f3n como las bombas de calor aerot\u00e9rmicas,&nbsp; la energ\u00eda fotovoltaica, los biocombustibles, el hidr\u00f3geno de origen verde y los&nbsp; sistemas h\u00edbridos, ser\u00e1n algunas palabras clave que obligar\u00e1n al sector a un&nbsp; proceso de transformaci\u00f3n y reciclaje muy elevado.  <\/span><\/p>\n<p class=\"MsoNormal\"><span style=\"font-size: 12.0pt; line-height: 107%; mso-ansi-language: CA;\">El papel de ACTECIR en esta transici\u00f3n&nbsp; entendemos que ser\u00e1 clave para ayudar a nuestros socios, a los profesionales del&nbsp; sector y otros simpatizantes en conseguir estos hitos, proponiendo cursos&nbsp; formativos propios de calidad (tanto los ya existentes como de nuevos que puedan ser&nbsp; inter\u00e9s), ofreciendo apoyo \u00e1gil y riguroso para mejorar la nuestra&nbsp; reputaci\u00f3n t\u00e9cnica, creando un espacio de relaci\u00f3n de calidad para mejorar la&nbsp; nuestra red profesional, as\u00ed como buscar alianzas con otras asociaciones y&nbsp; colectivos que nos permitan crecer y proyectarnos de forma \u00fatil y r\u00e1pida.  <\/span><\/p>\n<p class=\"MsoNormal\"><span style=\"font-size: 12.0pt; line-height: 107%; mso-ansi-language: CA;\">M\u00e1s all\u00e1 de seguir desarrollando&nbsp; la asociaci\u00f3n tal y como hemos hecho en los \u00faltimos a\u00f1os, debemos buscar nuevos servicios y&nbsp; f\u00f3rmulas que sean interesantes para captar nuevos socios. Debemos aumentar&nbsp; y rejuvenecer la masa social de ACTECIR, para asegurar la nuestra&nbsp; continuidad en el tiempo. La \u00fanica forma de conseguirlo es reinventarnos tanto&nbsp; en las prestaciones propuestas al asociado como en los canales de comunicaci\u00f3n&nbsp; empleados para llegar al potencial nuevo socio joven.    <\/span><\/p>\n<p class=\"MsoNormal\"><span style=\"font-size: 12.0pt; line-height: 107%; mso-ansi-language: CA;\">Todos los retos que tenemos por delante&nbsp; deben sustentarse en la dedicaci\u00f3n y el trabajo altruista de los compa\u00f1eros que&nbsp; forman parte de la Junta Directiva y las diversas comisiones t\u00e9cnicas dentro de&nbsp; la asociaci\u00f3n. En este sentido, debemos profesionalizar nuestra forma de hacer&nbsp; para evitar convertirnos en una asociaci\u00f3n excesivamente presidencialista y&nbsp; unipersonal. El papel futuro de las comisiones t\u00e9cnicas es fundamental para&nbsp; de sustentar a la asociaci\u00f3n en la fortaleza t\u00e9cnica y de conocimiento. Tambi\u00e9n hemos&nbsp; de sacar m\u00e1s provecho de un recurso muy valioso que tenemos dentro de la asociaci\u00f3n: el&nbsp; consejo asesor con los diversos formar presidentes que lo componen.     &nbsp;<\/span><\/p>\n<p class=\"MsoNormal\"><span style=\"font-size: 12.0pt; line-height: 107%; mso-ansi-language: CA;\">Ya para terminar y en un plano m\u00e1s&nbsp; personal, la posibilidad de liderar este proyecto durante los pr\u00f3ximos dos&nbsp; a\u00f1os, supone para m\u00ed un orgullo inmenso pero al mismo tiempo tambi\u00e9n una gran responsabilidad&nbsp; con el fin de ayudar en lo posible a alcanzar las metas y retos de ACTECIR. No&nbsp; puedo asegurar acierto en las decisiones que tomaremos en el futuro, pero s\u00ed puedo&nbsp; prometer mi esfuerzo, trabajo y dedicaci\u00f3n altruista con el objetivo de realizar&nbsp; a\u00fan mayor nuestra asociaci\u00f3n.&nbsp; Mirando&nbsp; atr\u00e1s, los 40 a\u00f1os de ACTECIR que acabamos de celebrar son motivo de&nbsp; satisfacci\u00f3n&nbsp; y respeto por el trabajo bien&nbsp; hecha por los pasados \u200b\u200b19 presidentes y los correspondientes miembros de Junta durante&nbsp; estas d\u00e9cadas.&nbsp; Mirando hacia adelante, el&nbsp; l\u00edmites y logros futuros de ACTECIR dependen totalmente de nosotros.   <\/span><\/p>\n<p class=\"MsoNormal\"><span style=\"font-size: 12.0pt; line-height: 107%; mso-ansi-language: CA;\">Gracias.<\/span><\/p>\t\t\t\t\t\t\t\t<\/div>\n\t\t\t\t<\/div>\n\t\t\t\t\t<\/div>\n\t\t<\/div>\n\t\t\t\t\t<\/div>\n\t\t<\/section>\n\t\t\t\t\t<\/div>\n\t\t<\/div>\n\t\t\t\t\t<\/div>\n\t\t<\/section>\n\t\t\t\t<section class=\"elementor-section elementor-top-section elementor-element elementor-element-848c0ed elementor-section-boxed elementor-section-height-default elementor-section-height-default\" data-id=\"848c0ed\" data-element_type=\"section\" data-e-type=\"section\">\n\t\t\t\t\t\t<div class=\"elementor-container elementor-column-gap-default\">\n\t\t\t\t\t<div class=\"elementor-column elementor-col-100 elementor-top-column elementor-element elementor-element-0ee9905\" data-id=\"0ee9905\" data-element_type=\"column\" data-e-type=\"column\">\n\t\t\t<div class=\"elementor-widget-wrap elementor-element-populated\">\n\t\t\t\t\t\t<div class=\"elementor-element elementor-element-bc23553 elementor-widget elementor-widget-text-editor\" data-id=\"bc23553\" data-element_type=\"widget\" data-e-type=\"widget\" data-widget_type=\"text-editor.default\">\n\t\t\t\t<div class=\"elementor-widget-container\">\n\t\t\t\t\t\t\t\t\t<p><strong>Gaspar Mart\u00edn<br> Presidente ACTECIR<br> Julio 2024<\/strong><\/p>\t\t\t\t\t\t\t\t<\/div>\n\t\t\t\t<\/div>\n\t\t\t\t\t<\/div>\n\t\t<\/div>\n\t\t\t\t\t<\/div>\n\t\t<\/section>\n\t\t\t\t<\/div>\n\t\t","protected":false},"excerpt":{"rendered":"<p>Carta del presidente Carta de Gaspar Mart\u00edn, julio de 2024 Estimados socios y socias, empresas protectoras y entidades colaboradoras. Me dirijo a vosotros en calidad de presidente de ACTECIR durante [&hellip;]<\/p>\n","protected":false},"author":1,"featured_media":0,"parent":8277,"menu_order":0,"comment_status":"closed","ping_status":"closed","template":"elementor_header_footer","meta":{"footnotes":""},"class_list":["post-8489","page","type-page","status-publish","hentry"],"yoast_head":"<!-- This site is optimized with the Yoast SEO plugin v27.2 - https:\/\/yoast.com\/product\/yoast-seo-wordpress\/ -->\n<title>Carta del presidente - Actecir<\/title>\n<meta name=\"robots\" content=\"index, follow, max-snippet:-1, max-image-preview:large, max-video-preview:-1\" \/>\n<link rel=\"canonical\" href=\"https:\/\/www.actecir.cat\/qui-som\/carta-del-president\/\" \/>\n<meta property=\"og:locale\" content=\"es_ES\" \/>\n<meta property=\"og:type\" content=\"article\" \/>\n<meta property=\"og:title\" content=\"Carta del presidente - Actecir\" \/>\n<meta property=\"og:description\" content=\"Carta del presidente Carta de Gaspar Mart\u00edn, julio de 2024 Estimados socios y socias, empresas protectoras y entidades colaboradoras. Me dirijo a vosotros en calidad de presidente de ACTECIR durante [&hellip;]\" \/>\n<meta property=\"og:url\" content=\"https:\/\/www.actecir.cat\/qui-som\/carta-del-president\/\" \/>\n<meta property=\"og:site_name\" content=\"Actecir\" \/>\n<meta property=\"article:modified_time\" content=\"2026-01-29T10:41:07+00:00\" \/>\n<meta name=\"twitter:card\" content=\"summary_large_image\" \/>\n<meta name=\"twitter:site\" content=\"@actecir\" \/>\n<meta name=\"twitter:label1\" content=\"Tiempo de lectura\" \/>\n\t<meta name=\"twitter:data1\" content=\"4 minutos\" \/>\n<script type=\"application\/ld+json\" class=\"yoast-schema-graph\">{\"@context\":\"https:\/\/schema.org\",\"@graph\":[{\"@type\":\"WebPage\",\"@id\":\"https:\/\/www.actecir.cat\/qui-som\/carta-del-president\/\",\"url\":\"https:\/\/www.actecir.cat\/qui-som\/carta-del-president\/\",\"name\":\"Carta del presidente - Actecir\",\"isPartOf\":{\"@id\":\"https:\/\/www.actecir.cat\/#website\"},\"datePublished\":\"2023-04-06T07:14:26+00:00\",\"dateModified\":\"2026-01-29T10:41:07+00:00\",\"breadcrumb\":{\"@id\":\"https:\/\/www.actecir.cat\/qui-som\/carta-del-president\/#breadcrumb\"},\"inLanguage\":\"es\",\"potentialAction\":[{\"@type\":\"ReadAction\",\"target\":[\"https:\/\/www.actecir.cat\/qui-som\/carta-del-president\/\"]}]},{\"@type\":\"BreadcrumbList\",\"@id\":\"https:\/\/www.actecir.cat\/qui-som\/carta-del-president\/#breadcrumb\",\"itemListElement\":[{\"@type\":\"ListItem\",\"position\":1,\"name\":\"Inici\",\"item\":\"https:\/\/www.actecir.cat\/\"},{\"@type\":\"ListItem\",\"position\":2,\"name\":\"Qui\u00e9nes somos\",\"item\":\"https:\/\/www.actecir.cat\/qui-som\/\"},{\"@type\":\"ListItem\",\"position\":3,\"name\":\"Carta del presidente\"}]},{\"@type\":\"WebSite\",\"@id\":\"https:\/\/www.actecir.cat\/#website\",\"url\":\"https:\/\/www.actecir.cat\/\",\"name\":\"Actecir\",\"description\":\"Associaci\u00f3 Catalana de T\u00e8cnics en Energia, Climatitzaci\u00f3 i Refrigeraci\u00f3\",\"publisher\":{\"@id\":\"https:\/\/www.actecir.cat\/#organization\"},\"potentialAction\":[{\"@type\":\"SearchAction\",\"target\":{\"@type\":\"EntryPoint\",\"urlTemplate\":\"https:\/\/www.actecir.cat\/?s={search_term_string}\"},\"query-input\":{\"@type\":\"PropertyValueSpecification\",\"valueRequired\":true,\"valueName\":\"search_term_string\"}}],\"inLanguage\":\"es\"},{\"@type\":\"Organization\",\"@id\":\"https:\/\/www.actecir.cat\/#organization\",\"name\":\"Actecir\",\"url\":\"https:\/\/www.actecir.cat\/\",\"logo\":{\"@type\":\"ImageObject\",\"inLanguage\":\"es\",\"@id\":\"https:\/\/www.actecir.cat\/#\/schema\/logo\/image\/\",\"url\":\"https:\/\/www.actecir.cat\/wp-content\/uploads\/2023\/04\/cropped-logo_actecir_60_alto.png\",\"contentUrl\":\"https:\/\/www.actecir.cat\/wp-content\/uploads\/2023\/04\/cropped-logo_actecir_60_alto.png\",\"width\":283,\"height\":80,\"caption\":\"Actecir\"},\"image\":{\"@id\":\"https:\/\/www.actecir.cat\/#\/schema\/logo\/image\/\"},\"sameAs\":[\"https:\/\/x.com\/actecir\",\"https:\/\/www.linkedin.com\/company\/actecir\"]}]}<\/script>\n<!-- \/ Yoast SEO plugin. -->","yoast_head_json":{"title":"Carta del presidente - Actecir","robots":{"index":"index","follow":"follow","max-snippet":"max-snippet:-1","max-image-preview":"max-image-preview:large","max-video-preview":"max-video-preview:-1"},"canonical":"https:\/\/www.actecir.cat\/qui-som\/carta-del-president\/","og_locale":"es_ES","og_type":"article","og_title":"Carta del presidente - Actecir","og_description":"Carta del presidente Carta de Gaspar Mart\u00edn, julio de 2024 Estimados socios y socias, empresas protectoras y entidades colaboradoras. Me dirijo a vosotros en calidad de presidente de ACTECIR durante [&hellip;]","og_url":"https:\/\/www.actecir.cat\/qui-som\/carta-del-president\/","og_site_name":"Actecir","article_modified_time":"2026-01-29T10:41:07+00:00","twitter_card":"summary_large_image","twitter_site":"@actecir","twitter_misc":{"Tiempo de lectura":"4 minutos"},"schema":{"@context":"https:\/\/schema.org","@graph":[{"@type":"WebPage","@id":"https:\/\/www.actecir.cat\/qui-som\/carta-del-president\/","url":"https:\/\/www.actecir.cat\/qui-som\/carta-del-president\/","name":"Carta del presidente - Actecir","isPartOf":{"@id":"https:\/\/www.actecir.cat\/#website"},"datePublished":"2023-04-06T07:14:26+00:00","dateModified":"2026-01-29T10:41:07+00:00","breadcrumb":{"@id":"https:\/\/www.actecir.cat\/qui-som\/carta-del-president\/#breadcrumb"},"inLanguage":"es","potentialAction":[{"@type":"ReadAction","target":["https:\/\/www.actecir.cat\/qui-som\/carta-del-president\/"]}]},{"@type":"BreadcrumbList","@id":"https:\/\/www.actecir.cat\/qui-som\/carta-del-president\/#breadcrumb","itemListElement":[{"@type":"ListItem","position":1,"name":"Inici","item":"https:\/\/www.actecir.cat\/"},{"@type":"ListItem","position":2,"name":"Qui\u00e9nes somos","item":"https:\/\/www.actecir.cat\/qui-som\/"},{"@type":"ListItem","position":3,"name":"Carta del presidente"}]},{"@type":"WebSite","@id":"https:\/\/www.actecir.cat\/#website","url":"https:\/\/www.actecir.cat\/","name":"Actecir","description":"Associaci\u00f3 Catalana de T\u00e8cnics en Energia, Climatitzaci\u00f3 i Refrigeraci\u00f3","publisher":{"@id":"https:\/\/www.actecir.cat\/#organization"},"potentialAction":[{"@type":"SearchAction","target":{"@type":"EntryPoint","urlTemplate":"https:\/\/www.actecir.cat\/?s={search_term_string}"},"query-input":{"@type":"PropertyValueSpecification","valueRequired":true,"valueName":"search_term_string"}}],"inLanguage":"es"},{"@type":"Organization","@id":"https:\/\/www.actecir.cat\/#organization","name":"Actecir","url":"https:\/\/www.actecir.cat\/","logo":{"@type":"ImageObject","inLanguage":"es","@id":"https:\/\/www.actecir.cat\/#\/schema\/logo\/image\/","url":"https:\/\/www.actecir.cat\/wp-content\/uploads\/2023\/04\/cropped-logo_actecir_60_alto.png","contentUrl":"https:\/\/www.actecir.cat\/wp-content\/uploads\/2023\/04\/cropped-logo_actecir_60_alto.png","width":283,"height":80,"caption":"Actecir"},"image":{"@id":"https:\/\/www.actecir.cat\/#\/schema\/logo\/image\/"},"sameAs":["https:\/\/x.com\/actecir","https:\/\/www.linkedin.com\/company\/actecir"]}]}},"_links":{"self":[{"href":"https:\/\/www.actecir.cat\/es\/wp-json\/wp\/v2\/pages\/8489","targetHints":{"allow":["GET"]}}],"collection":[{"href":"https:\/\/www.actecir.cat\/es\/wp-json\/wp\/v2\/pages"}],"about":[{"href":"https:\/\/www.actecir.cat\/es\/wp-json\/wp\/v2\/types\/page"}],"author":[{"embeddable":true,"href":"https:\/\/www.actecir.cat\/es\/wp-json\/wp\/v2\/users\/1"}],"replies":[{"embeddable":true,"href":"https:\/\/www.actecir.cat\/es\/wp-json\/wp\/v2\/comments?post=8489"}],"version-history":[{"count":14,"href":"https:\/\/www.actecir.cat\/es\/wp-json\/wp\/v2\/pages\/8489\/revisions"}],"predecessor-version":[{"id":20714,"href":"https:\/\/www.actecir.cat\/es\/wp-json\/wp\/v2\/pages\/8489\/revisions\/20714"}],"up":[{"embeddable":true,"href":"https:\/\/www.actecir.cat\/es\/wp-json\/wp\/v2\/pages\/8277"}],"wp:attachment":[{"href":"https:\/\/www.actecir.cat\/es\/wp-json\/wp\/v2\/media?parent=8489"}],"curies":[{"name":"wp","href":"https:\/\/api.w.org\/{rel}","templated":true}]}}