{"id":8514,"date":"2023-04-12T09:16:03","date_gmt":"2023-04-12T07:16:03","guid":{"rendered":"https:\/\/www.actecir.cat\/colaboradores\/microentidades-colaboradoras\/microentidades-colaboradoras-osaka\/"},"modified":"2026-01-29T11:41:41","modified_gmt":"2026-01-29T10:41:41","slug":"microentidades-colaboradoras-osaka","status":"publish","type":"page","link":"https:\/\/www.actecir.cat\/es\/colaboradores\/microentidades-colaboradoras\/microentidades-colaboradoras-osaka\/","title":{"rendered":"Microentidades colaboradoras: Osaka"},"content":{"rendered":"\t\t<div data-elementor-type=\"wp-page\" data-elementor-id=\"8514\" class=\"elementor elementor-8514 elementor-1790\" data-elementor-post-type=\"page\">\n\t\t\t\t\t\t<section class=\"elementor-section elementor-top-section elementor-element elementor-element-02ba047 elementor-section-boxed elementor-section-height-default elementor-section-height-default\" data-id=\"02ba047\" data-element_type=\"section\" data-e-type=\"section\">\n\t\t\t\t\t\t<div class=\"elementor-container elementor-column-gap-default\">\n\t\t\t\t\t<div class=\"elementor-column elementor-col-100 elementor-top-column elementor-element elementor-element-f81948c\" data-id=\"f81948c\" data-element_type=\"column\" data-e-type=\"column\">\n\t\t\t<div class=\"elementor-widget-wrap elementor-element-populated\">\n\t\t\t\t\t\t<div class=\"elementor-element elementor-element-e454843 elementor-widget elementor-widget-heading\" data-id=\"e454843\" data-element_type=\"widget\" data-e-type=\"widget\" data-widget_type=\"heading.default\">\n\t\t\t\t<div class=\"elementor-widget-container\">\n\t\t\t\t\t<h2 class=\"elementor-heading-title elementor-size-default\">OSAKA SOLUTIONS<\/h2>\t\t\t\t<\/div>\n\t\t\t\t<\/div>\n\t\t\t\t<div class=\"elementor-element elementor-element-1ad1820 e-grid-align-left elementor-shape-rounded elementor-grid-0 elementor-widget elementor-widget-social-icons\" data-id=\"1ad1820\" data-element_type=\"widget\" data-e-type=\"widget\" data-widget_type=\"social-icons.default\">\n\t\t\t\t<div class=\"elementor-widget-container\">\n\t\t\t\t\t\t\t<div class=\"elementor-social-icons-wrapper elementor-grid\" role=\"list\">\n\t\t\t\t\t\t\t<span class=\"elementor-grid-item\" role=\"listitem\">\n\t\t\t\t\t<a class=\"elementor-icon elementor-social-icon elementor-social-icon-linkedin elementor-repeater-item-4ca8437\" href=\"https:\/\/www.linkedin.com\/organization-guest\/company\/osaka-solutions-sl\" target=\"_blank\">\n\t\t\t\t\t\t<span class=\"elementor-screen-only\">Linkedin<\/span>\n\t\t\t\t\t\t<i aria-hidden=\"true\" class=\"fab fa-linkedin\"><\/i>\t\t\t\t\t<\/a>\n\t\t\t\t<\/span>\n\t\t\t\t\t\t\t<span class=\"elementor-grid-item\" role=\"listitem\">\n\t\t\t\t\t<a class=\"elementor-icon elementor-social-icon elementor-social-icon-youtube elementor-repeater-item-ece0fe4\" href=\"https:\/\/www.youtube.com\/channel\/UCxJ4TaqGWPA9vWUsSxBN_ig?cbrd=1&#038;ucbcb=1\" target=\"_blank\">\n\t\t\t\t\t\t<span class=\"elementor-screen-only\">Youtube<\/span>\n\t\t\t\t\t\t<i aria-hidden=\"true\" class=\"fab fa-youtube\"><\/i>\t\t\t\t\t<\/a>\n\t\t\t\t<\/span>\n\t\t\t\t\t<\/div>\n\t\t\t\t\t\t<\/div>\n\t\t\t\t<\/div>\n\t\t\t\t<div class=\"elementor-element elementor-element-7be3610 elementor-widget elementor-widget-text-editor\" data-id=\"7be3610\" data-element_type=\"widget\" data-e-type=\"widget\" data-widget_type=\"text-editor.default\">\n\t\t\t\t<div class=\"elementor-widget-container\">\n\t\t\t\t\t\t\t\t\t<p>La misi\u00f3n de <strong>OSAKA SOLUTIONS S.L.<\/strong> es ofrecer y crear soluciones simplificadas a los problemas de regulaci\u00f3n y control de una forma eficiente, situ\u00e1ndose un paso por delante de las expectativas de los clientes. Ofreciendo Electr\u00f3nica de control a las necesidades. Termostatos, Reguladores ,Soluciones T\u00e1ctiles, sensores. Conectables IOT.<\/p>\t\t\t\t\t\t\t\t<\/div>\n\t\t\t\t<\/div>\n\t\t\t\t<div class=\"elementor-element elementor-element-f3be072 elementor-align-start elementor-list-item-link-full_width elementor-widget elementor-widget-icon-list\" data-id=\"f3be072\" data-element_type=\"widget\" data-e-type=\"widget\" data-widget_type=\"icon-list.default\">\n\t\t\t\t<div class=\"elementor-widget-container\">\n\t\t\t\t\t\t\t<ul class=\"elementor-icon-list-items\">\n\t\t\t\t\t\t\t<li class=\"elementor-icon-list-item\">\n\t\t\t\t\t\t\t\t\t\t\t<a href=\"https:\/\/osakasolutions.com\/\" target=\"_blank\" rel=\"nofollow\">\n\n\t\t\t\t\t\t\t\t\t\t\t\t<span class=\"elementor-icon-list-icon\">\n\t\t\t\t\t\t\t<i aria-hidden=\"true\" class=\"fas fa-link\"><\/i>\t\t\t\t\t\t<\/span>\n\t\t\t\t\t\t\t\t\t\t<span class=\"elementor-icon-list-text\">osakasolutions.com<\/span>\n\t\t\t\t\t\t\t\t\t\t\t<\/a>\n\t\t\t\t\t\t\t\t\t<\/li>\n\t\t\t\t\t\t\t\t<li class=\"elementor-icon-list-item\">\n\t\t\t\t\t\t\t\t\t\t\t<a href=\"tel:%20+34934351495\" target=\"_blank\" rel=\"nofollow\">\n\n\t\t\t\t\t\t\t\t\t\t\t\t<span class=\"elementor-icon-list-icon\">\n\t\t\t\t\t\t\t<i aria-hidden=\"true\" class=\"fas fa-phone-volume\"><\/i>\t\t\t\t\t\t<\/span>\n\t\t\t\t\t\t\t\t\t\t<span class=\"elementor-icon-list-text\">  +34 934 351 495<\/span>\n\t\t\t\t\t\t\t\t\t\t\t<\/a>\n\t\t\t\t\t\t\t\t\t<\/li>\n\t\t\t\t\t\t\t\t<li class=\"elementor-icon-list-item\">\n\t\t\t\t\t\t\t\t\t\t\t<span class=\"elementor-icon-list-icon\">\n\t\t\t\t\t\t\t<i aria-hidden=\"true\" class=\"fas fa-map-marker-alt\"><\/i>\t\t\t\t\t\t<\/span>\n\t\t\t\t\t\t\t\t\t\t<span class=\"elementor-icon-list-text\">Carrer de Llu\u00eds Sagnier, 46, bajos, 08032 Barcelona<\/span>\n\t\t\t\t\t\t\t\t\t<\/li>\n\t\t\t\t\t\t<\/ul>\n\t\t\t\t\t\t<\/div>\n\t\t\t\t<\/div>\n\t\t\t\t<div class=\"elementor-element elementor-element-3c0e616 elementor-widget elementor-widget-google_maps\" data-id=\"3c0e616\" data-element_type=\"widget\" data-e-type=\"widget\" data-widget_type=\"google_maps.default\">\n\t\t\t\t<div class=\"elementor-widget-container\">\n\t\t\t\t\t\t\t<div class=\"elementor-custom-embed\">\n\t\t\t<iframe loading=\"lazy\"\n\t\t\t\t\tsrc=\"https:\/\/maps.google.com\/maps?q=Osaka%20Solutions%2C%20S.L.%2C%20Calle%20de%20Luis%20Sagnier%2C%20Barcelona%2C%20Espa%C3%B1a&#038;t=m&#038;z=10&#038;output=embed&#038;iwloc=near\"\n\t\t\t\t\ttitle=\"Osaka Solutions, S.L., Calle de Luis Sagnier, Barcelona, Espa\u00f1a\"\n\t\t\t\t\taria-label=\"Osaka Solutions, S.L., Calle de Luis Sagnier, Barcelona, Espa\u00f1a\"\n\t\t\t><\/iframe>\n\t\t<\/div>\n\t\t\t\t\t\t<\/div>\n\t\t\t\t<\/div>\n\t\t\t\t\t<\/div>\n\t\t<\/div>\n\t\t\t\t\t<\/div>\n\t\t<\/section>\n\t\t\t\t<\/div>\n\t\t","protected":false},"excerpt":{"rendered":"<p>OSAKA SOLUTIONS Linkedin Youtube La misi\u00f3n de OSAKA SOLUTIONS S.L. es ofrecer y crear soluciones simplificadas a los problemas de regulaci\u00f3n y control de una forma eficiente, situ\u00e1ndose un paso [&hellip;]<\/p>\n","protected":false},"author":1,"featured_media":0,"parent":8506,"menu_order":0,"comment_status":"closed","ping_status":"closed","template":"elementor_header_footer","meta":{"footnotes":""},"class_list":["post-8514","page","type-page","status-publish","hentry"],"yoast_head":"<!-- This site is optimized with the Yoast SEO plugin v27.2 - https:\/\/yoast.com\/product\/yoast-seo-wordpress\/ -->\n<title>Microentidades colaboradoras: Osaka - Actecir<\/title>\n<meta name=\"robots\" content=\"index, follow, max-snippet:-1, max-image-preview:large, max-video-preview:-1\" \/>\n<link rel=\"canonical\" href=\"https:\/\/www.actecir.cat\/collaboradors\/microentitats-collaboradores\/microentitats-col-laboradores-osaka\/\" \/>\n<meta property=\"og:locale\" content=\"es_ES\" \/>\n<meta property=\"og:type\" content=\"article\" \/>\n<meta property=\"og:title\" content=\"Microentidades colaboradoras: Osaka - Actecir\" \/>\n<meta property=\"og:description\" content=\"OSAKA SOLUTIONS Linkedin Youtube La misi\u00f3n de OSAKA SOLUTIONS S.L. es ofrecer y crear soluciones simplificadas a los problemas de regulaci\u00f3n y control de una forma eficiente, situ\u00e1ndose un paso [&hellip;]\" \/>\n<meta property=\"og:url\" content=\"https:\/\/www.actecir.cat\/collaboradors\/microentitats-collaboradores\/microentitats-col-laboradores-osaka\/\" \/>\n<meta property=\"og:site_name\" content=\"Actecir\" \/>\n<meta property=\"article:modified_time\" content=\"2026-01-29T10:41:41+00:00\" \/>\n<meta name=\"twitter:card\" content=\"summary_large_image\" \/>\n<meta name=\"twitter:site\" content=\"@actecir\" \/>\n<script type=\"application\/ld+json\" class=\"yoast-schema-graph\">{\"@context\":\"https:\/\/schema.org\",\"@graph\":[{\"@type\":\"WebPage\",\"@id\":\"https:\/\/www.actecir.cat\/collaboradors\/microentitats-collaboradores\/microentitats-col-laboradores-osaka\/\",\"url\":\"https:\/\/www.actecir.cat\/collaboradors\/microentitats-collaboradores\/microentitats-col-laboradores-osaka\/\",\"name\":\"Microentidades colaboradoras: Osaka - Actecir\",\"isPartOf\":{\"@id\":\"https:\/\/www.actecir.cat\/#website\"},\"datePublished\":\"2023-04-12T07:16:03+00:00\",\"dateModified\":\"2026-01-29T10:41:41+00:00\",\"breadcrumb\":{\"@id\":\"https:\/\/www.actecir.cat\/collaboradors\/microentitats-collaboradores\/microentitats-col-laboradores-osaka\/#breadcrumb\"},\"inLanguage\":\"es\",\"potentialAction\":[{\"@type\":\"ReadAction\",\"target\":[\"https:\/\/www.actecir.cat\/collaboradors\/microentitats-collaboradores\/microentitats-col-laboradores-osaka\/\"]}]},{\"@type\":\"BreadcrumbList\",\"@id\":\"https:\/\/www.actecir.cat\/collaboradors\/microentitats-collaboradores\/microentitats-col-laboradores-osaka\/#breadcrumb\",\"itemListElement\":[{\"@type\":\"ListItem\",\"position\":1,\"name\":\"Inici\",\"item\":\"https:\/\/www.actecir.cat\/es\/\"},{\"@type\":\"ListItem\",\"position\":2,\"name\":\"Colaboradores\",\"item\":\"https:\/\/www.actecir.cat\/collaboradors\/\"},{\"@type\":\"ListItem\",\"position\":3,\"name\":\"Microentidades colaboradoras\",\"item\":\"https:\/\/www.actecir.cat\/collaboradors\/microentitats-collaboradores\/\"},{\"@type\":\"ListItem\",\"position\":4,\"name\":\"Microentidades colaboradoras: Osaka\"}]},{\"@type\":\"WebSite\",\"@id\":\"https:\/\/www.actecir.cat\/#website\",\"url\":\"https:\/\/www.actecir.cat\/\",\"name\":\"Actecir\",\"description\":\"Associaci\u00f3 Catalana de T\u00e8cnics en Energia, Climatitzaci\u00f3 i Refrigeraci\u00f3\",\"publisher\":{\"@id\":\"https:\/\/www.actecir.cat\/#organization\"},\"potentialAction\":[{\"@type\":\"SearchAction\",\"target\":{\"@type\":\"EntryPoint\",\"urlTemplate\":\"https:\/\/www.actecir.cat\/?s={search_term_string}\"},\"query-input\":{\"@type\":\"PropertyValueSpecification\",\"valueRequired\":true,\"valueName\":\"search_term_string\"}}],\"inLanguage\":\"es\"},{\"@type\":\"Organization\",\"@id\":\"https:\/\/www.actecir.cat\/#organization\",\"name\":\"Actecir\",\"url\":\"https:\/\/www.actecir.cat\/\",\"logo\":{\"@type\":\"ImageObject\",\"inLanguage\":\"es\",\"@id\":\"https:\/\/www.actecir.cat\/#\/schema\/logo\/image\/\",\"url\":\"https:\/\/www.actecir.cat\/wp-content\/uploads\/2023\/04\/cropped-logo_actecir_60_alto.png\",\"contentUrl\":\"https:\/\/www.actecir.cat\/wp-content\/uploads\/2023\/04\/cropped-logo_actecir_60_alto.png\",\"width\":283,\"height\":80,\"caption\":\"Actecir\"},\"image\":{\"@id\":\"https:\/\/www.actecir.cat\/#\/schema\/logo\/image\/\"},\"sameAs\":[\"https:\/\/x.com\/actecir\",\"https:\/\/www.linkedin.com\/company\/actecir\"]}]}<\/script>\n<!-- \/ Yoast SEO plugin. -->","yoast_head_json":{"title":"Microentidades colaboradoras: Osaka - Actecir","robots":{"index":"index","follow":"follow","max-snippet":"max-snippet:-1","max-image-preview":"max-image-preview:large","max-video-preview":"max-video-preview:-1"},"canonical":"https:\/\/www.actecir.cat\/collaboradors\/microentitats-collaboradores\/microentitats-col-laboradores-osaka\/","og_locale":"es_ES","og_type":"article","og_title":"Microentidades colaboradoras: Osaka - Actecir","og_description":"OSAKA SOLUTIONS Linkedin Youtube La misi\u00f3n de OSAKA SOLUTIONS S.L. es ofrecer y crear soluciones simplificadas a los problemas de regulaci\u00f3n y control de una forma eficiente, situ\u00e1ndose un paso [&hellip;]","og_url":"https:\/\/www.actecir.cat\/collaboradors\/microentitats-collaboradores\/microentitats-col-laboradores-osaka\/","og_site_name":"Actecir","article_modified_time":"2026-01-29T10:41:41+00:00","twitter_card":"summary_large_image","twitter_site":"@actecir","schema":{"@context":"https:\/\/schema.org","@graph":[{"@type":"WebPage","@id":"https:\/\/www.actecir.cat\/collaboradors\/microentitats-collaboradores\/microentitats-col-laboradores-osaka\/","url":"https:\/\/www.actecir.cat\/collaboradors\/microentitats-collaboradores\/microentitats-col-laboradores-osaka\/","name":"Microentidades colaboradoras: Osaka - Actecir","isPartOf":{"@id":"https:\/\/www.actecir.cat\/#website"},"datePublished":"2023-04-12T07:16:03+00:00","dateModified":"2026-01-29T10:41:41+00:00","breadcrumb":{"@id":"https:\/\/www.actecir.cat\/collaboradors\/microentitats-collaboradores\/microentitats-col-laboradores-osaka\/#breadcrumb"},"inLanguage":"es","potentialAction":[{"@type":"ReadAction","target":["https:\/\/www.actecir.cat\/collaboradors\/microentitats-collaboradores\/microentitats-col-laboradores-osaka\/"]}]},{"@type":"BreadcrumbList","@id":"https:\/\/www.actecir.cat\/collaboradors\/microentitats-collaboradores\/microentitats-col-laboradores-osaka\/#breadcrumb","itemListElement":[{"@type":"ListItem","position":1,"name":"Inici","item":"https:\/\/www.actecir.cat\/es\/"},{"@type":"ListItem","position":2,"name":"Colaboradores","item":"https:\/\/www.actecir.cat\/collaboradors\/"},{"@type":"ListItem","position":3,"name":"Microentidades colaboradoras","item":"https:\/\/www.actecir.cat\/collaboradors\/microentitats-collaboradores\/"},{"@type":"ListItem","position":4,"name":"Microentidades colaboradoras: Osaka"}]},{"@type":"WebSite","@id":"https:\/\/www.actecir.cat\/#website","url":"https:\/\/www.actecir.cat\/","name":"Actecir","description":"Associaci\u00f3 Catalana de T\u00e8cnics en Energia, Climatitzaci\u00f3 i Refrigeraci\u00f3","publisher":{"@id":"https:\/\/www.actecir.cat\/#organization"},"potentialAction":[{"@type":"SearchAction","target":{"@type":"EntryPoint","urlTemplate":"https:\/\/www.actecir.cat\/?s={search_term_string}"},"query-input":{"@type":"PropertyValueSpecification","valueRequired":true,"valueName":"search_term_string"}}],"inLanguage":"es"},{"@type":"Organization","@id":"https:\/\/www.actecir.cat\/#organization","name":"Actecir","url":"https:\/\/www.actecir.cat\/","logo":{"@type":"ImageObject","inLanguage":"es","@id":"https:\/\/www.actecir.cat\/#\/schema\/logo\/image\/","url":"https:\/\/www.actecir.cat\/wp-content\/uploads\/2023\/04\/cropped-logo_actecir_60_alto.png","contentUrl":"https:\/\/www.actecir.cat\/wp-content\/uploads\/2023\/04\/cropped-logo_actecir_60_alto.png","width":283,"height":80,"caption":"Actecir"},"image":{"@id":"https:\/\/www.actecir.cat\/#\/schema\/logo\/image\/"},"sameAs":["https:\/\/x.com\/actecir","https:\/\/www.linkedin.com\/company\/actecir"]}]}},"_links":{"self":[{"href":"https:\/\/www.actecir.cat\/es\/wp-json\/wp\/v2\/pages\/8514","targetHints":{"allow":["GET"]}}],"collection":[{"href":"https:\/\/www.actecir.cat\/es\/wp-json\/wp\/v2\/pages"}],"about":[{"href":"https:\/\/www.actecir.cat\/es\/wp-json\/wp\/v2\/types\/page"}],"author":[{"embeddable":true,"href":"https:\/\/www.actecir.cat\/es\/wp-json\/wp\/v2\/users\/1"}],"replies":[{"embeddable":true,"href":"https:\/\/www.actecir.cat\/es\/wp-json\/wp\/v2\/comments?post=8514"}],"version-history":[{"count":4,"href":"https:\/\/www.actecir.cat\/es\/wp-json\/wp\/v2\/pages\/8514\/revisions"}],"predecessor-version":[{"id":20751,"href":"https:\/\/www.actecir.cat\/es\/wp-json\/wp\/v2\/pages\/8514\/revisions\/20751"}],"up":[{"embeddable":true,"href":"https:\/\/www.actecir.cat\/es\/wp-json\/wp\/v2\/pages\/8506"}],"wp:attachment":[{"href":"https:\/\/www.actecir.cat\/es\/wp-json\/wp\/v2\/media?parent=8514"}],"curies":[{"name":"wp","href":"https:\/\/api.w.org\/{rel}","templated":true}]}}