{"id":8604,"date":"2023-04-12T09:31:53","date_gmt":"2023-04-12T07:31:53","guid":{"rendered":"https:\/\/www.actecir.cat\/como-hacerse-socio-a\/"},"modified":"2025-11-25T17:11:57","modified_gmt":"2025-11-25T16:11:57","slug":"como-hacerse-socio-a","status":"publish","type":"page","link":"https:\/\/www.actecir.cat\/es\/como-hacerse-socio-a\/","title":{"rendered":"C\u00f3mo hacerse socio\/a"},"content":{"rendered":"\t\t<div data-elementor-type=\"wp-page\" data-elementor-id=\"8604\" class=\"elementor elementor-8604 elementor-1800\" data-elementor-post-type=\"page\">\n\t\t\t\t\t\t<section class=\"elementor-section elementor-top-section elementor-element elementor-element-6cf7505 elementor-section-boxed elementor-section-height-default elementor-section-height-default\" data-id=\"6cf7505\" data-element_type=\"section\" data-e-type=\"section\" data-settings=\"{&quot;background_background&quot;:&quot;classic&quot;}\">\n\t\t\t\t\t\t<div class=\"elementor-container elementor-column-gap-default\">\n\t\t\t\t\t<div class=\"elementor-column elementor-col-100 elementor-top-column elementor-element elementor-element-19327ef\" data-id=\"19327ef\" data-element_type=\"column\" data-e-type=\"column\">\n\t\t\t<div class=\"elementor-widget-wrap elementor-element-populated\">\n\t\t\t\t\t\t<div class=\"elementor-element elementor-element-6dd6be3 elementor-widget elementor-widget-heading\" data-id=\"6dd6be3\" data-element_type=\"widget\" data-e-type=\"widget\" data-widget_type=\"heading.default\">\n\t\t\t\t<div class=\"elementor-widget-container\">\n\t\t\t\t\t<h2 class=\"elementor-heading-title elementor-size-default\">C\u00f3mo hacerse socio\/a<\/h2>\t\t\t\t<\/div>\n\t\t\t\t<\/div>\n\t\t\t\t<div class=\"elementor-element elementor-element-7bf7f2d elementor-widget elementor-widget-text-editor\" data-id=\"7bf7f2d\" data-element_type=\"widget\" data-e-type=\"widget\" data-widget_type=\"text-editor.default\">\n\t\t\t\t<div class=\"elementor-widget-container\">\n\t\t\t\t\t\t\t\t\t<p><span style=\"color: #0083c4;\"><strong>A ACTECIR, <\/strong>trabajamos para ofrecer a nuestros socios\/as formar parte de un amplio colectivo de profesionales en los diferentes ramos del sector.<\/span> Desde nuestra asociaci\u00f3n, facilitamos el intercambio de opiniones, recogemos experiencias para compartirlas y ponerlas al alcance de nuestros asociados\/as, transmitimos nuevas ideas y fomentamos la participaci\u00f3n en encuentros, ferias, formaci\u00f3n y viajes col colectivos.<\/p>\n\t\t\t\t\t\t\t\t<\/div>\n\t\t\t\t<\/div>\n\t\t\t\t<div class=\"elementor-element elementor-element-d164358 elementor-widget elementor-widget-image\" data-id=\"d164358\" data-element_type=\"widget\" data-e-type=\"widget\" data-widget_type=\"image.default\">\n\t\t\t\t<div class=\"elementor-widget-container\">\n\t\t\t\t\t\t\t\t\t\t\t\t\t\t\t\t<a href=\"https:\/\/www.actecir.cat\/wp-content\/uploads\/2025\/11\/SOCIS_2025_cat.pdf\" target=\"_blank\">\n\t\t\t\t\t\t\t<img fetchpriority=\"high\" decoding=\"async\" width=\"2560\" height=\"568\" src=\"https:\/\/www.actecir.cat\/wp-content\/uploads\/2023\/07\/socis_2023_CASTE-08-scaled.jpg\" class=\"attachment-full size-full wp-image-10653\" alt=\"\" srcset=\"https:\/\/www.actecir.cat\/wp-content\/uploads\/2023\/07\/socis_2023_CASTE-08-scaled.jpg 2560w, https:\/\/www.actecir.cat\/wp-content\/uploads\/2023\/07\/socis_2023_CASTE-08-300x67.jpg 300w, https:\/\/www.actecir.cat\/wp-content\/uploads\/2023\/07\/socis_2023_CASTE-08-1024x227.jpg 1024w, https:\/\/www.actecir.cat\/wp-content\/uploads\/2023\/07\/socis_2023_CASTE-08-768x170.jpg 768w, https:\/\/www.actecir.cat\/wp-content\/uploads\/2023\/07\/socis_2023_CASTE-08-1536x341.jpg 1536w, https:\/\/www.actecir.cat\/wp-content\/uploads\/2023\/07\/socis_2023_CASTE-08-2048x454.jpg 2048w\" sizes=\"(max-width: 2560px) 100vw, 2560px\" \/>\t\t\t\t\t\t\t\t<\/a>\n\t\t\t\t\t\t\t\t\t\t\t\t\t\t\t<\/div>\n\t\t\t\t<\/div>\n\t\t\t\t\t<\/div>\n\t\t<\/div>\n\t\t\t\t\t<\/div>\n\t\t<\/section>\n\t\t\t\t<section class=\"elementor-section elementor-top-section elementor-element elementor-element-1f7a4ad elementor-section-boxed elementor-section-height-default elementor-section-height-default\" data-id=\"1f7a4ad\" data-element_type=\"section\" data-e-type=\"section\">\n\t\t\t\t\t\t<div class=\"elementor-container elementor-column-gap-default\">\n\t\t\t\t\t<div class=\"elementor-column elementor-col-100 elementor-top-column elementor-element elementor-element-56228cf\" data-id=\"56228cf\" data-element_type=\"column\" data-e-type=\"column\">\n\t\t\t<div class=\"elementor-widget-wrap elementor-element-populated\">\n\t\t\t\t\t\t<div class=\"elementor-element elementor-element-80cf106 elementor-align-center elementor-widget elementor-widget-button\" data-id=\"80cf106\" data-element_type=\"widget\" data-e-type=\"widget\" data-widget_type=\"button.default\">\n\t\t\t\t<div class=\"elementor-widget-container\">\n\t\t\t\t\t\t\t\t\t<div class=\"elementor-button-wrapper\">\n\t\t\t\t\t<a class=\"elementor-button elementor-button-link elementor-size-sm\" href=\"https:\/\/www.actecir.cat\/wp-content\/uploads\/2025\/04\/formulari-inscripcio-Soci-ACTECIR.pdf\">\n\t\t\t\t\t\t<span class=\"elementor-button-content-wrapper\">\n\t\t\t\t\t\t<span class=\"elementor-button-icon\">\n\t\t\t\t<i aria-hidden=\"true\" class=\"fas fa-hand-point-up\"><\/i>\t\t\t<\/span>\n\t\t\t\t\t\t\t\t\t<span class=\"elementor-button-text\">Descarga AQU\u00cd el FORMULARIO y env\u00edalo a actecir@actecir.cat<\/span>\n\t\t\t\t\t<\/span>\n\t\t\t\t\t<\/a>\n\t\t\t\t<\/div>\n\t\t\t\t\t\t\t\t<\/div>\n\t\t\t\t<\/div>\n\t\t\t\t\t<\/div>\n\t\t<\/div>\n\t\t\t\t\t<\/div>\n\t\t<\/section>\n\t\t\t\t<section class=\"elementor-section elementor-top-section elementor-element elementor-element-bf0d427 elementor-section-boxed elementor-section-height-default elementor-section-height-default elementor-invisible\" data-id=\"bf0d427\" data-element_type=\"section\" data-e-type=\"section\" data-settings=\"{&quot;animation&quot;:&quot;fadeIn&quot;}\">\n\t\t\t\t\t\t<div class=\"elementor-container elementor-column-gap-default\">\n\t\t\t\t\t<div class=\"elementor-column elementor-col-100 elementor-top-column elementor-element elementor-element-25c35ee\" data-id=\"25c35ee\" data-element_type=\"column\" data-e-type=\"column\">\n\t\t\t<div class=\"elementor-widget-wrap elementor-element-populated\">\n\t\t\t\t\t\t<div class=\"elementor-element elementor-element-43a763b elementor-widget elementor-widget-text-editor\" data-id=\"43a763b\" data-element_type=\"widget\" data-e-type=\"widget\" data-widget_type=\"text-editor.default\">\n\t\t\t\t<div class=\"elementor-widget-container\">\n\t\t\t\t\t\t\t\t\t<h4><span style=\"color: #324a6d;\"><strong>ACTECIR ofrece a sus socios\/as:<\/strong><\/span><\/h4>\n<ul>\n<li>Participar en las reuniones y, como socio\/a numerario\/a, elegir y ser elegido\/a para cualquier cargo directivo.<\/li>\n<li>La organizaci\u00f3n de cursos, seminarios, conferencias y otras actividades del sector.<\/li>\n<li>Acceso a cursos de formaci\u00f3n con precios preferentes.<\/li>\n<li>Informaci\u00f3n continuada del sector.<\/li>\n<li>Alquiler de equipos de medida con descuento.<\/li>\n<li>Enlace con los principales fabricantes del sector.<\/li>\n<li>Mantener un estrecho contacto con los diferentes profesionales del sector: fabricantes, distribuidores, instaladores, mantenedores, proyectistas, arquitectos, etc.<\/li>\n<li>Participar en el mantenimiento de un elevado nivel profesional y beneficiarse del reciclaje y de los avances tecnol\u00f3gicos.<\/li>\n<li>La edici\u00f3n, recopilaci\u00f3n y divulgaci\u00f3n de la informaci\u00f3n cient\u00edfica con herramientas colaborativas, para disponer de un extenso fondo bibliogr\u00e1fico.<\/li>\n<li>El fomento de cert\u00e1menes y concursos para la mayor difusi\u00f3n de productos novedosos y de instalaciones singulares.<\/li>\n<li>Organizaci\u00f3n de encuentros, visitas y salidas t\u00e9cnicas-culturas y sociales.<\/li>\n<li>El estudio y desarrollo de las t\u00e9cnicas de calefacci\u00f3n, ventilaci\u00f3n, aire acondicionado y refrigeraci\u00f3n, y de los fluidos en general, la utilizaci\u00f3n racional de la energ\u00eda, y de las acciones adecuadas para la protecci\u00f3n del medio ambiente.<\/li>\n<li>Bolsa de trabajo.<\/li>\n<\/ul>\n<p><span id=\"result_box\" lang=\"ca\" tabindex=\"-1\">Puedes hacerte socio\/a en una de las siguientes modalidades:<\/span><\/p>\n<ul>\n<li>Modalidad normal.\n<ul>\n<li>Socio\/a numerario\/a<\/li>\n<li>Socio jubilado\/a (Sin cuota)<\/li>\n<\/ul>\n<\/li>\n<li>Socio\/a estudiante y socio\/a simpatizante.\n<ul>\n<li>Un a\u00f1o de socio\/a gratuito con los mismos derechos que la modalidad normal.<\/li>\n<li>Grandes descuentos en cursos de formaci\u00f3n.<\/li>\n<\/ul>\n<\/li>\n<\/ul>\n\t\t\t\t\t\t\t\t<\/div>\n\t\t\t\t<\/div>\n\t\t\t\t\t<\/div>\n\t\t<\/div>\n\t\t\t\t\t<\/div>\n\t\t<\/section>\n\t\t\t\t<section class=\"elementor-section elementor-top-section elementor-element elementor-element-1a5fe18 elementor-section-boxed elementor-section-height-default elementor-section-height-default\" data-id=\"1a5fe18\" data-element_type=\"section\" data-e-type=\"section\">\n\t\t\t\t\t\t<div class=\"elementor-container elementor-column-gap-default\">\n\t\t\t\t\t<div class=\"elementor-column elementor-col-100 elementor-top-column elementor-element elementor-element-cd6ef3a\" data-id=\"cd6ef3a\" data-element_type=\"column\" data-e-type=\"column\">\n\t\t\t<div class=\"elementor-widget-wrap elementor-element-populated\">\n\t\t\t\t\t\t<div class=\"elementor-element elementor-element-1c83d6c elementor-widget elementor-widget-text-editor\" data-id=\"1c83d6c\" data-element_type=\"widget\" data-e-type=\"widget\" data-widget_type=\"text-editor.default\">\n\t\t\t\t<div class=\"elementor-widget-container\">\n\t\t\t\t\t\t\t\t\t<p>Para hacerte socio\/a puedes contactar con <strong>ACTECIR<\/strong> por correo electr\u00f3nico a<i class=\"fa fa-envelope-o \"><\/i> <span style=\"color: #3366ff;\"><strong><span id=\"cloakc8be64cbefe2b84a9d96dcc0cc2d46e2\"><a style=\"color: #3366ff;\" href=\"mailto:actecir@actecir.cat\">actecir@actecir.cat<\/a><\/span><\/strong> <\/span>o a los tel\u00e9fonos <span style=\"color: #3366ff;\"><strong>623 92 35 47<\/strong>\/ <strong><a style=\"color: #3366ff;\" href=\"tel:%206394665899\">639 46 58 99<\/a><\/strong><\/span><\/p>\t\t\t\t\t\t\t\t<\/div>\n\t\t\t\t<\/div>\n\t\t\t\t\t<\/div>\n\t\t<\/div>\n\t\t\t\t\t<\/div>\n\t\t<\/section>\n\t\t\t\t<\/div>\n\t\t","protected":false},"excerpt":{"rendered":"<p>C\u00f3mo hacerse socio\/a A ACTECIR, trabajamos para ofrecer a nuestros socios\/as formar parte de un amplio colectivo de profesionales en los diferentes ramos del sector. Desde nuestra asociaci\u00f3n, facilitamos el [&hellip;]<\/p>\n","protected":false},"author":1,"featured_media":0,"parent":0,"menu_order":0,"comment_status":"closed","ping_status":"closed","template":"elementor_header_footer","meta":{"footnotes":""},"class_list":["post-8604","page","type-page","status-publish","hentry"],"yoast_head":"<!-- This site is optimized with the Yoast SEO plugin v27.2 - https:\/\/yoast.com\/product\/yoast-seo-wordpress\/ -->\n<title>C\u00f3mo hacerse socio\/a - Actecir<\/title>\n<meta name=\"robots\" content=\"index, follow, max-snippet:-1, max-image-preview:large, max-video-preview:-1\" \/>\n<link rel=\"canonical\" href=\"https:\/\/www.actecir.cat\/com-fer-se-soci\/\" \/>\n<meta property=\"og:locale\" content=\"es_ES\" \/>\n<meta property=\"og:type\" content=\"article\" \/>\n<meta property=\"og:title\" content=\"C\u00f3mo hacerse socio\/a - Actecir\" \/>\n<meta property=\"og:description\" content=\"C\u00f3mo hacerse socio\/a A ACTECIR, trabajamos para ofrecer a nuestros socios\/as formar parte de un amplio colectivo de profesionales en los diferentes ramos del sector. Desde nuestra asociaci\u00f3n, facilitamos el [&hellip;]\" \/>\n<meta property=\"og:url\" content=\"https:\/\/www.actecir.cat\/com-fer-se-soci\/\" \/>\n<meta property=\"og:site_name\" content=\"Actecir\" \/>\n<meta property=\"article:modified_time\" content=\"2025-11-25T16:11:57+00:00\" \/>\n<meta property=\"og:image\" content=\"https:\/\/www.actecir.cat\/wp-content\/uploads\/2023\/07\/socis_2023_CASTE-08-scaled.jpg\" \/>\n\t<meta property=\"og:image:width\" content=\"2560\" \/>\n\t<meta property=\"og:image:height\" content=\"568\" \/>\n\t<meta property=\"og:image:type\" content=\"image\/jpeg\" \/>\n<meta name=\"twitter:card\" content=\"summary_large_image\" \/>\n<meta name=\"twitter:site\" content=\"@actecir\" \/>\n<meta name=\"twitter:label1\" content=\"Tiempo de lectura\" \/>\n\t<meta name=\"twitter:data1\" content=\"2 minutos\" \/>\n<script type=\"application\/ld+json\" class=\"yoast-schema-graph\">{\"@context\":\"https:\/\/schema.org\",\"@graph\":[{\"@type\":\"WebPage\",\"@id\":\"https:\/\/www.actecir.cat\/com-fer-se-soci\/\",\"url\":\"https:\/\/www.actecir.cat\/com-fer-se-soci\/\",\"name\":\"C\u00f3mo hacerse socio\/a - Actecir\",\"isPartOf\":{\"@id\":\"https:\/\/www.actecir.cat\/#website\"},\"primaryImageOfPage\":{\"@id\":\"https:\/\/www.actecir.cat\/com-fer-se-soci\/#primaryimage\"},\"image\":{\"@id\":\"https:\/\/www.actecir.cat\/com-fer-se-soci\/#primaryimage\"},\"thumbnailUrl\":\"https:\/\/www.actecir.cat\/wp-content\/uploads\/2023\/07\/socis_2023_CASTE-08-scaled.jpg\",\"datePublished\":\"2023-04-12T07:31:53+00:00\",\"dateModified\":\"2025-11-25T16:11:57+00:00\",\"breadcrumb\":{\"@id\":\"https:\/\/www.actecir.cat\/com-fer-se-soci\/#breadcrumb\"},\"inLanguage\":\"es\",\"potentialAction\":[{\"@type\":\"ReadAction\",\"target\":[\"https:\/\/www.actecir.cat\/com-fer-se-soci\/\"]}]},{\"@type\":\"ImageObject\",\"inLanguage\":\"es\",\"@id\":\"https:\/\/www.actecir.cat\/com-fer-se-soci\/#primaryimage\",\"url\":\"https:\/\/www.actecir.cat\/wp-content\/uploads\/2023\/07\/socis_2023_CASTE-08-scaled.jpg\",\"contentUrl\":\"https:\/\/www.actecir.cat\/wp-content\/uploads\/2023\/07\/socis_2023_CASTE-08-scaled.jpg\"},{\"@type\":\"BreadcrumbList\",\"@id\":\"https:\/\/www.actecir.cat\/com-fer-se-soci\/#breadcrumb\",\"itemListElement\":[{\"@type\":\"ListItem\",\"position\":1,\"name\":\"Inici\",\"item\":\"https:\/\/www.actecir.cat\/es\/\"},{\"@type\":\"ListItem\",\"position\":2,\"name\":\"C\u00f3mo hacerse socio\/a\"}]},{\"@type\":\"WebSite\",\"@id\":\"https:\/\/www.actecir.cat\/#website\",\"url\":\"https:\/\/www.actecir.cat\/\",\"name\":\"Actecir\",\"description\":\"Associaci\u00f3 Catalana de T\u00e8cnics en Energia, Climatitzaci\u00f3 i Refrigeraci\u00f3\",\"publisher\":{\"@id\":\"https:\/\/www.actecir.cat\/#organization\"},\"potentialAction\":[{\"@type\":\"SearchAction\",\"target\":{\"@type\":\"EntryPoint\",\"urlTemplate\":\"https:\/\/www.actecir.cat\/?s={search_term_string}\"},\"query-input\":{\"@type\":\"PropertyValueSpecification\",\"valueRequired\":true,\"valueName\":\"search_term_string\"}}],\"inLanguage\":\"es\"},{\"@type\":\"Organization\",\"@id\":\"https:\/\/www.actecir.cat\/#organization\",\"name\":\"Actecir\",\"url\":\"https:\/\/www.actecir.cat\/\",\"logo\":{\"@type\":\"ImageObject\",\"inLanguage\":\"es\",\"@id\":\"https:\/\/www.actecir.cat\/#\/schema\/logo\/image\/\",\"url\":\"https:\/\/www.actecir.cat\/wp-content\/uploads\/2023\/04\/cropped-logo_actecir_60_alto.png\",\"contentUrl\":\"https:\/\/www.actecir.cat\/wp-content\/uploads\/2023\/04\/cropped-logo_actecir_60_alto.png\",\"width\":283,\"height\":80,\"caption\":\"Actecir\"},\"image\":{\"@id\":\"https:\/\/www.actecir.cat\/#\/schema\/logo\/image\/\"},\"sameAs\":[\"https:\/\/x.com\/actecir\",\"https:\/\/www.linkedin.com\/company\/actecir\"]}]}<\/script>\n<!-- \/ Yoast SEO plugin. -->","yoast_head_json":{"title":"C\u00f3mo hacerse socio\/a - Actecir","robots":{"index":"index","follow":"follow","max-snippet":"max-snippet:-1","max-image-preview":"max-image-preview:large","max-video-preview":"max-video-preview:-1"},"canonical":"https:\/\/www.actecir.cat\/com-fer-se-soci\/","og_locale":"es_ES","og_type":"article","og_title":"C\u00f3mo hacerse socio\/a - Actecir","og_description":"C\u00f3mo hacerse socio\/a A ACTECIR, trabajamos para ofrecer a nuestros socios\/as formar parte de un amplio colectivo de profesionales en los diferentes ramos del sector. Desde nuestra asociaci\u00f3n, facilitamos el [&hellip;]","og_url":"https:\/\/www.actecir.cat\/com-fer-se-soci\/","og_site_name":"Actecir","article_modified_time":"2025-11-25T16:11:57+00:00","og_image":[{"width":2560,"height":568,"url":"https:\/\/www.actecir.cat\/wp-content\/uploads\/2023\/07\/socis_2023_CASTE-08-scaled.jpg","type":"image\/jpeg"}],"twitter_card":"summary_large_image","twitter_site":"@actecir","twitter_misc":{"Tiempo de lectura":"2 minutos"},"schema":{"@context":"https:\/\/schema.org","@graph":[{"@type":"WebPage","@id":"https:\/\/www.actecir.cat\/com-fer-se-soci\/","url":"https:\/\/www.actecir.cat\/com-fer-se-soci\/","name":"C\u00f3mo hacerse socio\/a - Actecir","isPartOf":{"@id":"https:\/\/www.actecir.cat\/#website"},"primaryImageOfPage":{"@id":"https:\/\/www.actecir.cat\/com-fer-se-soci\/#primaryimage"},"image":{"@id":"https:\/\/www.actecir.cat\/com-fer-se-soci\/#primaryimage"},"thumbnailUrl":"https:\/\/www.actecir.cat\/wp-content\/uploads\/2023\/07\/socis_2023_CASTE-08-scaled.jpg","datePublished":"2023-04-12T07:31:53+00:00","dateModified":"2025-11-25T16:11:57+00:00","breadcrumb":{"@id":"https:\/\/www.actecir.cat\/com-fer-se-soci\/#breadcrumb"},"inLanguage":"es","potentialAction":[{"@type":"ReadAction","target":["https:\/\/www.actecir.cat\/com-fer-se-soci\/"]}]},{"@type":"ImageObject","inLanguage":"es","@id":"https:\/\/www.actecir.cat\/com-fer-se-soci\/#primaryimage","url":"https:\/\/www.actecir.cat\/wp-content\/uploads\/2023\/07\/socis_2023_CASTE-08-scaled.jpg","contentUrl":"https:\/\/www.actecir.cat\/wp-content\/uploads\/2023\/07\/socis_2023_CASTE-08-scaled.jpg"},{"@type":"BreadcrumbList","@id":"https:\/\/www.actecir.cat\/com-fer-se-soci\/#breadcrumb","itemListElement":[{"@type":"ListItem","position":1,"name":"Inici","item":"https:\/\/www.actecir.cat\/es\/"},{"@type":"ListItem","position":2,"name":"C\u00f3mo hacerse socio\/a"}]},{"@type":"WebSite","@id":"https:\/\/www.actecir.cat\/#website","url":"https:\/\/www.actecir.cat\/","name":"Actecir","description":"Associaci\u00f3 Catalana de T\u00e8cnics en Energia, Climatitzaci\u00f3 i Refrigeraci\u00f3","publisher":{"@id":"https:\/\/www.actecir.cat\/#organization"},"potentialAction":[{"@type":"SearchAction","target":{"@type":"EntryPoint","urlTemplate":"https:\/\/www.actecir.cat\/?s={search_term_string}"},"query-input":{"@type":"PropertyValueSpecification","valueRequired":true,"valueName":"search_term_string"}}],"inLanguage":"es"},{"@type":"Organization","@id":"https:\/\/www.actecir.cat\/#organization","name":"Actecir","url":"https:\/\/www.actecir.cat\/","logo":{"@type":"ImageObject","inLanguage":"es","@id":"https:\/\/www.actecir.cat\/#\/schema\/logo\/image\/","url":"https:\/\/www.actecir.cat\/wp-content\/uploads\/2023\/04\/cropped-logo_actecir_60_alto.png","contentUrl":"https:\/\/www.actecir.cat\/wp-content\/uploads\/2023\/04\/cropped-logo_actecir_60_alto.png","width":283,"height":80,"caption":"Actecir"},"image":{"@id":"https:\/\/www.actecir.cat\/#\/schema\/logo\/image\/"},"sameAs":["https:\/\/x.com\/actecir","https:\/\/www.linkedin.com\/company\/actecir"]}]}},"_links":{"self":[{"href":"https:\/\/www.actecir.cat\/es\/wp-json\/wp\/v2\/pages\/8604","targetHints":{"allow":["GET"]}}],"collection":[{"href":"https:\/\/www.actecir.cat\/es\/wp-json\/wp\/v2\/pages"}],"about":[{"href":"https:\/\/www.actecir.cat\/es\/wp-json\/wp\/v2\/types\/page"}],"author":[{"embeddable":true,"href":"https:\/\/www.actecir.cat\/es\/wp-json\/wp\/v2\/users\/1"}],"replies":[{"embeddable":true,"href":"https:\/\/www.actecir.cat\/es\/wp-json\/wp\/v2\/comments?post=8604"}],"version-history":[{"count":36,"href":"https:\/\/www.actecir.cat\/es\/wp-json\/wp\/v2\/pages\/8604\/revisions"}],"predecessor-version":[{"id":20067,"href":"https:\/\/www.actecir.cat\/es\/wp-json\/wp\/v2\/pages\/8604\/revisions\/20067"}],"wp:attachment":[{"href":"https:\/\/www.actecir.cat\/es\/wp-json\/wp\/v2\/media?parent=8604"}],"curies":[{"name":"wp","href":"https:\/\/api.w.org\/{rel}","templated":true}]}}